{"id":44,"date":"2026-02-24T20:10:24","date_gmt":"2026-02-24T20:10:24","guid":{"rendered":"https:\/\/staging.irusa-sa.com\/?page_id=44"},"modified":"2026-03-09T03:04:19","modified_gmt":"2026-03-09T03:04:19","slug":"produccion","status":"publish","type":"page","link":"https:\/\/irusa-sa.com\/?page_id=44","title":{"rendered":"PRODUCCI\u00d3N"},"content":{"rendered":"\t\t<div data-elementor-type=\"wp-page\" data-elementor-id=\"44\" class=\"elementor elementor-44\" data-elementor-post-type=\"page\">\n\t\t\t\t<div class=\"elementor-element elementor-element-4965114 e-con-full e-flex e-con e-parent\" data-id=\"4965114\" data-element_type=\"container\" data-e-type=\"container\" data-settings=\"{&quot;background_background&quot;:&quot;classic&quot;}\">\n\t\t\t\t<div class=\"elementor-element elementor-element-2960a16 elementor-widget elementor-widget-heading\" data-id=\"2960a16\" data-element_type=\"widget\" data-e-type=\"widget\" data-widget_type=\"heading.default\">\n\t\t\t\t\t<h1 class=\"elementor-heading-title elementor-size-default\">PRODUCCI\u00d3N<\/h1>\t\t\t\t<\/div>\n\t\t\t\t<\/div>\n\t\t<div class=\"elementor-element elementor-element-2046b11 e-flex e-con-boxed e-con e-parent\" data-id=\"2046b11\" data-element_type=\"container\" data-e-type=\"container\">\n\t\t\t\t\t<div class=\"e-con-inner\">\n\t\t<div class=\"elementor-element elementor-element-1db64f0 e-con-full e-flex e-con e-child\" data-id=\"1db64f0\" data-element_type=\"container\" data-e-type=\"container\">\n\t\t\t\t<div class=\"elementor-element elementor-element-1fbee5a elementor-widget elementor-widget-heading\" data-id=\"1fbee5a\" data-element_type=\"widget\" data-e-type=\"widget\" data-widget_type=\"heading.default\">\n\t\t\t\t\t<h2 class=\"elementor-heading-title elementor-size-default\">MAQUINARIA<\/h2>\t\t\t\t<\/div>\n\t\t\t\t<div class=\"elementor-element elementor-element-45d5678 elementor-widget elementor-widget-text-editor\" data-id=\"45d5678\" data-element_type=\"widget\" data-e-type=\"widget\" data-widget_type=\"text-editor.default\">\n\t\t\t\t\t\t\t\t\t<p>En\u00a0<strong><span class=\"black\">IRUSA<\/span><\/strong>\u00a0contamos con la maquinaria general propia en calderer\u00eda media y semipesada, con la maquinaria espec\u00edfica para optimizar trabajos de soldadura que requieren movimientos determinados.<br \/>Contamos con:<\/p><ul><li><strong>Guillotinas, oxicorte-plasma y tronzadoras para corte<\/strong><\/li><li><strong>Plegadoras, curvadoras y prensas para conformado<\/strong><\/li><li><strong>Tornos, bancos, columnas soldaduras, posicionadores, y maquinaria de soldadura por electrodo, TIG, MIG\/MAG y arco sumergido para los procesos de soldadura manual y autom\u00e1tica<\/strong><\/li><li><strong>Maquinaria auxiliar como taladros, roscadoras, bancos de pruebas hidr\u00e1ulicas, pintura&#8230;<\/strong><\/li><\/ul>\t\t\t\t\t\t\t\t<\/div>\n\t\t\t\t<\/div>\n\t\t<div class=\"elementor-element elementor-element-3e86887 e-con-full e-flex e-con e-child\" data-id=\"3e86887\" data-element_type=\"container\" data-e-type=\"container\">\n\t\t\t\t<div class=\"elementor-element elementor-element-a236a27 elementor-widget elementor-widget-image\" data-id=\"a236a27\" data-element_type=\"widget\" data-e-type=\"widget\" data-widget_type=\"image.default\">\n\t\t\t\t\t\t\t\t\t\t\t\t\t\t\t\t<a href=\"https:\/\/irusa-sa.com\/wp-content\/uploads\/2026\/02\/MAQUINARIA-3.webp\" data-elementor-open-lightbox=\"yes\" data-elementor-lightbox-title=\"MAQUINARIA 3\" data-e-action-hash=\"#elementor-action%3Aaction%3Dlightbox%26settings%3DeyJpZCI6MzY0LCJ1cmwiOiJodHRwczpcL1wvaXJ1c2Etc2EuY29tXC93cC1jb250ZW50XC91cGxvYWRzXC8yMDI2XC8wMlwvTUFRVUlOQVJJQS0zLndlYnAifQ%3D%3D\">\n\t\t\t\t\t\t\t<img fetchpriority=\"high\" decoding=\"async\" width=\"900\" height=\"720\" src=\"https:\/\/irusa-sa.com\/wp-content\/uploads\/2026\/02\/MAQUINARIA-3.webp\" class=\"attachment-large size-large wp-image-364\" alt=\"\" srcset=\"https:\/\/irusa-sa.com\/wp-content\/uploads\/2026\/02\/MAQUINARIA-3.webp 900w, https:\/\/irusa-sa.com\/wp-content\/uploads\/2026\/02\/MAQUINARIA-3-300x240.webp 300w, https:\/\/irusa-sa.com\/wp-content\/uploads\/2026\/02\/MAQUINARIA-3-768x614.webp 768w\" sizes=\"(max-width: 900px) 100vw, 900px\" \/>\t\t\t\t\t\t\t\t<\/a>\n\t\t\t\t\t\t\t\t\t\t\t\t\t\t\t<\/div>\n\t\t\t\t<\/div>\n\t\t\t\t\t<\/div>\n\t\t\t\t<\/div>\n\t\t<div class=\"elementor-element elementor-element-08cb3a8 e-flex e-con-boxed e-con e-parent\" data-id=\"08cb3a8\" data-element_type=\"container\" data-e-type=\"container\">\n\t\t\t\t\t<div class=\"e-con-inner\">\n\t\t<div class=\"elementor-element elementor-element-82e69ca e-con-full e-flex e-con e-child\" data-id=\"82e69ca\" data-element_type=\"container\" data-e-type=\"container\">\n\t\t\t\t<div class=\"elementor-element elementor-element-00441e0 elementor-widget elementor-widget-image\" data-id=\"00441e0\" data-element_type=\"widget\" data-e-type=\"widget\" data-widget_type=\"image.default\">\n\t\t\t\t\t\t\t\t\t\t\t\t\t\t\t\t<a href=\"https:\/\/irusa-sa.com\/wp-content\/uploads\/2026\/02\/DISENO.webp\" data-elementor-open-lightbox=\"yes\" data-elementor-lightbox-title=\"DISE\u00d1O\" data-e-action-hash=\"#elementor-action%3Aaction%3Dlightbox%26settings%3DeyJpZCI6MjcyLCJ1cmwiOiJodHRwczpcL1wvaXJ1c2Etc2EuY29tXC93cC1jb250ZW50XC91cGxvYWRzXC8yMDI2XC8wMlwvRElTRU5PLndlYnAifQ%3D%3D\">\n\t\t\t\t\t\t\t<img decoding=\"async\" width=\"1024\" height=\"584\" src=\"https:\/\/irusa-sa.com\/wp-content\/uploads\/2026\/02\/DISENO-1024x584.webp\" class=\"attachment-large size-large wp-image-272\" alt=\"\" srcset=\"https:\/\/irusa-sa.com\/wp-content\/uploads\/2026\/02\/DISENO-1024x584.webp 1024w, https:\/\/irusa-sa.com\/wp-content\/uploads\/2026\/02\/DISENO-300x171.webp 300w, https:\/\/irusa-sa.com\/wp-content\/uploads\/2026\/02\/DISENO-768x438.webp 768w, https:\/\/irusa-sa.com\/wp-content\/uploads\/2026\/02\/DISENO.webp 1200w\" sizes=\"(max-width: 1024px) 100vw, 1024px\" \/>\t\t\t\t\t\t\t\t<\/a>\n\t\t\t\t\t\t\t\t\t\t\t\t\t\t\t<\/div>\n\t\t\t\t<\/div>\n\t\t<div class=\"elementor-element elementor-element-130ffe7 e-con-full e-flex e-con e-child\" data-id=\"130ffe7\" data-element_type=\"container\" data-e-type=\"container\">\n\t\t\t\t<div class=\"elementor-element elementor-element-8ff469d elementor-widget elementor-widget-heading\" data-id=\"8ff469d\" data-element_type=\"widget\" data-e-type=\"widget\" data-widget_type=\"heading.default\">\n\t\t\t\t\t<h2 class=\"elementor-heading-title elementor-size-default\">INGENIER\u00cdA\n<\/h2>\t\t\t\t<\/div>\n\t\t\t\t<div class=\"elementor-element elementor-element-6528234 elementor-widget elementor-widget-text-editor\" data-id=\"6528234\" data-element_type=\"widget\" data-e-type=\"widget\" data-widget_type=\"text-editor.default\">\n\t\t\t\t\t\t\t\t\t<p class=\"margin-top2\">Que para desempe\u00f1ar sus funciones dispone de software espec\u00edfico de:<\/p><ul><li><strong>Calculo de recipientes a presi\u00f3n<\/strong><\/li><li><strong>Dise\u00f1o y calculo en 3d<\/strong><\/li><li><strong>Programaci\u00f3n cad\/can<\/strong><\/li><li><strong>ERP de gesti\u00f3n<\/strong><\/li><\/ul>\t\t\t\t\t\t\t\t<\/div>\n\t\t\t\t<\/div>\n\t\t\t\t\t<\/div>\n\t\t\t\t<\/div>\n\t\t<div class=\"elementor-element elementor-element-201b0c0 e-flex e-con-boxed e-con e-parent\" data-id=\"201b0c0\" data-element_type=\"container\" data-e-type=\"container\">\n\t\t\t\t\t<div class=\"e-con-inner\">\n\t\t\t\t<div class=\"elementor-element elementor-element-840a48e elementor-widget elementor-widget-spacer\" data-id=\"840a48e\" data-element_type=\"widget\" data-e-type=\"widget\" data-widget_type=\"spacer.default\">\n\t\t\t\t\t\t\t<div class=\"elementor-spacer\">\n\t\t\t<div class=\"elementor-spacer-inner\"><\/div>\n\t\t<\/div>\n\t\t\t\t\t\t<\/div>\n\t\t\t\t\t<\/div>\n\t\t\t\t<\/div>\n\t\t\t\t<\/div>\n\t\t","protected":false},"excerpt":{"rendered":"<p>MAQUINARIA En\u00a0IRUSA\u00a0contamos con la maquinaria general propia en calderer\u00eda media y semipesada, con la maquinaria espec\u00edfica para optimizar trabajos de [&hellip;]<\/p>\n","protected":false},"author":1,"featured_media":0,"parent":0,"menu_order":0,"comment_status":"closed","ping_status":"closed","template":"","meta":{"site-sidebar-layout":"no-sidebar","site-content-layout":"","ast-site-content-layout":"full-width-container","site-content-style":"default","site-sidebar-style":"default","ast-global-header-display":"","ast-banner-title-visibility":"","ast-main-header-display":"","ast-hfb-above-header-display":"","ast-hfb-below-header-display":"","ast-hfb-mobile-header-display":"","site-post-title":"disabled","ast-breadcrumbs-content":"","ast-featured-img":"disabled","footer-sml-layout":"","ast-disable-related-posts":"","theme-transparent-header-meta":"","adv-header-id-meta":"","stick-header-meta":"","header-above-stick-meta":"","header-main-stick-meta":"","header-below-stick-meta":"","astra-migrate-meta-layouts":"default","ast-page-background-enabled":"default","ast-page-background-meta":{"desktop":{"background-color":"var(--ast-global-color-5)","background-image":"","background-repeat":"repeat","background-position":"center center","background-size":"auto","background-attachment":"scroll","background-type":"","background-media":"","overlay-type":"","overlay-color":"","overlay-opacity":"","overlay-gradient":""},"tablet":{"background-color":"","background-image":"","background-repeat":"repeat","background-position":"center center","background-size":"auto","background-attachment":"scroll","background-type":"","background-media":"","overlay-type":"","overlay-color":"","overlay-opacity":"","overlay-gradient":""},"mobile":{"background-color":"","background-image":"","background-repeat":"repeat","background-position":"center center","background-size":"auto","background-attachment":"scroll","background-type":"","background-media":"","overlay-type":"","overlay-color":"","overlay-opacity":"","overlay-gradient":""}},"ast-content-background-meta":{"desktop":{"background-color":"var(--ast-global-color-4)","background-image":"","background-repeat":"repeat","background-position":"center center","background-size":"auto","background-attachment":"scroll","background-type":"","background-media":"","overlay-type":"","overlay-color":"","overlay-opacity":"","overlay-gradient":""},"tablet":{"background-color":"var(--ast-global-color-4)","background-image":"","background-repeat":"repeat","background-position":"center center","background-size":"auto","background-attachment":"scroll","background-type":"","background-media":"","overlay-type":"","overlay-color":"","overlay-opacity":"","overlay-gradient":""},"mobile":{"background-color":"var(--ast-global-color-4)","background-image":"","background-repeat":"repeat","background-position":"center center","background-size":"auto","background-attachment":"scroll","background-type":"","background-media":"","overlay-type":"","overlay-color":"","overlay-opacity":"","overlay-gradient":""}},"footnotes":""},"class_list":["post-44","page","type-page","status-publish","hentry"],"yoast_head":"<!-- This site is optimized with the Yoast SEO plugin v27.1.1 - https:\/\/yoast.com\/product\/yoast-seo-wordpress\/ -->\n<title>PRODUCCI\u00d3N - Praise The Sun<\/title>\n<meta name=\"robots\" content=\"index, follow, max-snippet:-1, max-image-preview:large, max-video-preview:-1\" \/>\n<link rel=\"canonical\" href=\"https:\/\/irusa-sa.com\/?page_id=44\" \/>\n<meta property=\"og:locale\" content=\"es_ES\" \/>\n<meta property=\"og:type\" content=\"article\" \/>\n<meta property=\"og:title\" content=\"PRODUCCI\u00d3N - Praise The Sun\" \/>\n<meta property=\"og:description\" content=\"MAQUINARIA En\u00a0IRUSA\u00a0contamos con la maquinaria general propia en calderer\u00eda media y semipesada, con la maquinaria espec\u00edfica para optimizar trabajos de [&hellip;]\" \/>\n<meta property=\"og:url\" content=\"https:\/\/irusa-sa.com\/?page_id=44\" \/>\n<meta property=\"og:site_name\" content=\"Praise The Sun\" \/>\n<meta property=\"article:modified_time\" content=\"2026-03-09T03:04:19+00:00\" \/>\n<meta property=\"og:image\" content=\"https:\/\/irusa-sa.com\/wp-content\/uploads\/2026\/02\/MAQUINARIA-3.webp\" \/>\n\t<meta property=\"og:image:width\" content=\"900\" \/>\n\t<meta property=\"og:image:height\" content=\"720\" \/>\n\t<meta property=\"og:image:type\" content=\"image\/webp\" \/>\n<meta name=\"twitter:card\" content=\"summary_large_image\" \/>\n<meta name=\"twitter:label1\" content=\"Tiempo de lectura\" \/>\n\t<meta name=\"twitter:data1\" content=\"1 minuto\" \/>\n<script type=\"application\/ld+json\" class=\"yoast-schema-graph\">{\"@context\":\"https:\/\/schema.org\",\"@graph\":[{\"@type\":\"WebPage\",\"@id\":\"https:\/\/irusa-sa.com\/?page_id=44\",\"url\":\"https:\/\/irusa-sa.com\/?page_id=44\",\"name\":\"PRODUCCI\u00d3N - Praise The Sun\",\"isPartOf\":{\"@id\":\"https:\/\/irusa-sa.com\/#website\"},\"primaryImageOfPage\":{\"@id\":\"https:\/\/irusa-sa.com\/?page_id=44#primaryimage\"},\"image\":{\"@id\":\"https:\/\/irusa-sa.com\/?page_id=44#primaryimage\"},\"thumbnailUrl\":\"https:\/\/irusa-sa.com\/wp-content\/uploads\/2026\/02\/MAQUINARIA-3.webp\",\"datePublished\":\"2026-02-24T20:10:24+00:00\",\"dateModified\":\"2026-03-09T03:04:19+00:00\",\"breadcrumb\":{\"@id\":\"https:\/\/irusa-sa.com\/?page_id=44#breadcrumb\"},\"inLanguage\":\"es\",\"potentialAction\":[{\"@type\":\"ReadAction\",\"target\":[\"https:\/\/irusa-sa.com\/?page_id=44\"]}]},{\"@type\":\"ImageObject\",\"inLanguage\":\"es\",\"@id\":\"https:\/\/irusa-sa.com\/?page_id=44#primaryimage\",\"url\":\"https:\/\/irusa-sa.com\/wp-content\/uploads\/2026\/02\/MAQUINARIA-3.webp\",\"contentUrl\":\"https:\/\/irusa-sa.com\/wp-content\/uploads\/2026\/02\/MAQUINARIA-3.webp\"},{\"@type\":\"BreadcrumbList\",\"@id\":\"https:\/\/irusa-sa.com\/?page_id=44#breadcrumb\",\"itemListElement\":[{\"@type\":\"ListItem\",\"position\":1,\"name\":\"Portada\",\"item\":\"https:\/\/irusa-sa.com\/\"},{\"@type\":\"ListItem\",\"position\":2,\"name\":\"PRODUCCI\u00d3N\"}]},{\"@type\":\"WebSite\",\"@id\":\"https:\/\/irusa-sa.com\/#website\",\"url\":\"https:\/\/irusa-sa.com\/\",\"name\":\"Praise The Sun\",\"description\":\"Fabricaci\u00f3n de productos para calderer\u00eda media-pesada bajo plano (dep\u00f3sitos, estructuras...)\",\"publisher\":{\"@id\":\"https:\/\/irusa-sa.com\/#organization\"},\"potentialAction\":[{\"@type\":\"SearchAction\",\"target\":{\"@type\":\"EntryPoint\",\"urlTemplate\":\"https:\/\/irusa-sa.com\/?s={search_term_string}\"},\"query-input\":{\"@type\":\"PropertyValueSpecification\",\"valueRequired\":true,\"valueName\":\"search_term_string\"}}],\"inLanguage\":\"es\"},{\"@type\":\"Organization\",\"@id\":\"https:\/\/irusa-sa.com\/#organization\",\"name\":\"Praise The Sun\",\"url\":\"https:\/\/irusa-sa.com\/\",\"logo\":{\"@type\":\"ImageObject\",\"inLanguage\":\"es\",\"@id\":\"https:\/\/irusa-sa.com\/#\/schema\/logo\/image\/\",\"url\":\"https:\/\/irusa-sa.com\/wp-content\/uploads\/2026\/02\/cropped-irusa_logo-NOU-PNG.webp\",\"contentUrl\":\"https:\/\/irusa-sa.com\/wp-content\/uploads\/2026\/02\/cropped-irusa_logo-NOU-PNG.webp\",\"width\":500,\"height\":86,\"caption\":\"Praise The Sun\"},\"image\":{\"@id\":\"https:\/\/irusa-sa.com\/#\/schema\/logo\/image\/\"}}]}<\/script>\n<!-- \/ Yoast SEO plugin. -->","yoast_head_json":{"title":"PRODUCCI\u00d3N - Praise The Sun","robots":{"index":"index","follow":"follow","max-snippet":"max-snippet:-1","max-image-preview":"max-image-preview:large","max-video-preview":"max-video-preview:-1"},"canonical":"https:\/\/irusa-sa.com\/?page_id=44","og_locale":"es_ES","og_type":"article","og_title":"PRODUCCI\u00d3N - Praise The Sun","og_description":"MAQUINARIA En\u00a0IRUSA\u00a0contamos con la maquinaria general propia en calderer\u00eda media y semipesada, con la maquinaria espec\u00edfica para optimizar trabajos de [&hellip;]","og_url":"https:\/\/irusa-sa.com\/?page_id=44","og_site_name":"Praise The Sun","article_modified_time":"2026-03-09T03:04:19+00:00","og_image":[{"width":900,"height":720,"url":"https:\/\/irusa-sa.com\/wp-content\/uploads\/2026\/02\/MAQUINARIA-3.webp","type":"image\/webp"}],"twitter_card":"summary_large_image","twitter_misc":{"Tiempo de lectura":"1 minuto"},"schema":{"@context":"https:\/\/schema.org","@graph":[{"@type":"WebPage","@id":"https:\/\/irusa-sa.com\/?page_id=44","url":"https:\/\/irusa-sa.com\/?page_id=44","name":"PRODUCCI\u00d3N - Praise The Sun","isPartOf":{"@id":"https:\/\/irusa-sa.com\/#website"},"primaryImageOfPage":{"@id":"https:\/\/irusa-sa.com\/?page_id=44#primaryimage"},"image":{"@id":"https:\/\/irusa-sa.com\/?page_id=44#primaryimage"},"thumbnailUrl":"https:\/\/irusa-sa.com\/wp-content\/uploads\/2026\/02\/MAQUINARIA-3.webp","datePublished":"2026-02-24T20:10:24+00:00","dateModified":"2026-03-09T03:04:19+00:00","breadcrumb":{"@id":"https:\/\/irusa-sa.com\/?page_id=44#breadcrumb"},"inLanguage":"es","potentialAction":[{"@type":"ReadAction","target":["https:\/\/irusa-sa.com\/?page_id=44"]}]},{"@type":"ImageObject","inLanguage":"es","@id":"https:\/\/irusa-sa.com\/?page_id=44#primaryimage","url":"https:\/\/irusa-sa.com\/wp-content\/uploads\/2026\/02\/MAQUINARIA-3.webp","contentUrl":"https:\/\/irusa-sa.com\/wp-content\/uploads\/2026\/02\/MAQUINARIA-3.webp"},{"@type":"BreadcrumbList","@id":"https:\/\/irusa-sa.com\/?page_id=44#breadcrumb","itemListElement":[{"@type":"ListItem","position":1,"name":"Portada","item":"https:\/\/irusa-sa.com\/"},{"@type":"ListItem","position":2,"name":"PRODUCCI\u00d3N"}]},{"@type":"WebSite","@id":"https:\/\/irusa-sa.com\/#website","url":"https:\/\/irusa-sa.com\/","name":"Praise The Sun","description":"Fabricaci\u00f3n de productos para calderer\u00eda media-pesada bajo plano (dep\u00f3sitos, estructuras...)","publisher":{"@id":"https:\/\/irusa-sa.com\/#organization"},"potentialAction":[{"@type":"SearchAction","target":{"@type":"EntryPoint","urlTemplate":"https:\/\/irusa-sa.com\/?s={search_term_string}"},"query-input":{"@type":"PropertyValueSpecification","valueRequired":true,"valueName":"search_term_string"}}],"inLanguage":"es"},{"@type":"Organization","@id":"https:\/\/irusa-sa.com\/#organization","name":"Praise The Sun","url":"https:\/\/irusa-sa.com\/","logo":{"@type":"ImageObject","inLanguage":"es","@id":"https:\/\/irusa-sa.com\/#\/schema\/logo\/image\/","url":"https:\/\/irusa-sa.com\/wp-content\/uploads\/2026\/02\/cropped-irusa_logo-NOU-PNG.webp","contentUrl":"https:\/\/irusa-sa.com\/wp-content\/uploads\/2026\/02\/cropped-irusa_logo-NOU-PNG.webp","width":500,"height":86,"caption":"Praise The Sun"},"image":{"@id":"https:\/\/irusa-sa.com\/#\/schema\/logo\/image\/"}}]}},"_links":{"self":[{"href":"https:\/\/irusa-sa.com\/index.php?rest_route=\/wp\/v2\/pages\/44","targetHints":{"allow":["GET"]}}],"collection":[{"href":"https:\/\/irusa-sa.com\/index.php?rest_route=\/wp\/v2\/pages"}],"about":[{"href":"https:\/\/irusa-sa.com\/index.php?rest_route=\/wp\/v2\/types\/page"}],"author":[{"embeddable":true,"href":"https:\/\/irusa-sa.com\/index.php?rest_route=\/wp\/v2\/users\/1"}],"replies":[{"embeddable":true,"href":"https:\/\/irusa-sa.com\/index.php?rest_route=%2Fwp%2Fv2%2Fcomments&post=44"}],"version-history":[{"count":0,"href":"https:\/\/irusa-sa.com\/index.php?rest_route=\/wp\/v2\/pages\/44\/revisions"}],"wp:attachment":[{"href":"https:\/\/irusa-sa.com\/index.php?rest_route=%2Fwp%2Fv2%2Fmedia&parent=44"}],"curies":[{"name":"wp","href":"https:\/\/api.w.org\/{rel}","templated":true}]}}