{"id":51,"date":"2026-02-24T20:12:52","date_gmt":"2026-02-24T20:12:52","guid":{"rendered":"https:\/\/staging.irusa-sa.com\/?page_id=51"},"modified":"2026-03-09T02:55:41","modified_gmt":"2026-03-09T02:55:41","slug":"maquinaria","status":"publish","type":"page","link":"https:\/\/irusa-sa.com\/?page_id=51","title":{"rendered":"Maquinaria"},"content":{"rendered":"\t\t<div data-elementor-type=\"wp-page\" data-elementor-id=\"51\" class=\"elementor elementor-51\" data-elementor-post-type=\"page\">\n\t\t\t\t<div class=\"elementor-element elementor-element-8e75300 e-con-full e-flex e-con e-parent\" data-id=\"8e75300\" data-element_type=\"container\" data-e-type=\"container\" data-settings=\"{&quot;background_background&quot;:&quot;classic&quot;}\">\n\t\t\t\t<div class=\"elementor-element elementor-element-b8128d2 elementor-widget elementor-widget-heading\" data-id=\"b8128d2\" data-element_type=\"widget\" data-e-type=\"widget\" data-widget_type=\"heading.default\">\n\t\t\t\t\t<h1 class=\"elementor-heading-title elementor-size-default\">Maquinaria<\/h1>\t\t\t\t<\/div>\n\t\t\t\t<div class=\"elementor-element elementor-element-238403e elementor-widget elementor-widget-text-editor\" data-id=\"238403e\" data-element_type=\"widget\" data-e-type=\"widget\" data-widget_type=\"text-editor.default\">\n\t\t\t\t\t\t\t\t\t<p class=\"align light padding-movil2\">Bancadas, chasis, carcasas e\u00f3licas, componentes elevaci\u00f3n, prensas papel, mesas giratorias&#8230;<\/p>\t\t\t\t\t\t\t\t<\/div>\n\t\t\t\t<\/div>\n\t\t<div class=\"elementor-element elementor-element-e519025 e-flex e-con-boxed e-con e-parent\" data-id=\"e519025\" data-element_type=\"container\" data-e-type=\"container\">\n\t\t\t\t\t<div class=\"e-con-inner\">\n\t\t<div class=\"elementor-element elementor-element-ba19a70 e-con-full e-flex e-con e-child\" data-id=\"ba19a70\" data-element_type=\"container\" data-e-type=\"container\">\n\t\t\t\t<div class=\"elementor-element elementor-element-09410e7 elementor-widget elementor-widget-image\" data-id=\"09410e7\" data-element_type=\"widget\" data-e-type=\"widget\" data-settings=\"{&quot;_animation&quot;:&quot;none&quot;}\" data-widget_type=\"image.default\">\n\t\t\t\t\t\t\t\t\t\t\t\t\t\t\t\t<a href=\"https:\/\/irusa-sa.com\/wp-content\/uploads\/2026\/02\/CHASIS.webp\" data-elementor-open-lightbox=\"yes\" data-elementor-lightbox-title=\"CHASIS\" data-e-action-hash=\"#elementor-action%3Aaction%3Dlightbox%26settings%3DeyJpZCI6NDQ2LCJ1cmwiOiJodHRwczpcL1wvaXJ1c2Etc2EuY29tXC93cC1jb250ZW50XC91cGxvYWRzXC8yMDI2XC8wMlwvQ0hBU0lTLndlYnAifQ%3D%3D\">\n\t\t\t\t\t\t\t<img fetchpriority=\"high\" decoding=\"async\" width=\"1024\" height=\"683\" src=\"https:\/\/irusa-sa.com\/wp-content\/uploads\/2026\/02\/CHASIS-1024x683.webp\" class=\"elementor-animation-bounce-in attachment-large size-large wp-image-446\" alt=\"\" srcset=\"https:\/\/irusa-sa.com\/wp-content\/uploads\/2026\/02\/CHASIS-1024x683.webp 1024w, https:\/\/irusa-sa.com\/wp-content\/uploads\/2026\/02\/CHASIS-300x200.webp 300w, https:\/\/irusa-sa.com\/wp-content\/uploads\/2026\/02\/CHASIS-768x512.webp 768w, https:\/\/irusa-sa.com\/wp-content\/uploads\/2026\/02\/CHASIS.webp 1080w\" sizes=\"(max-width: 1024px) 100vw, 1024px\" \/>\t\t\t\t\t\t\t\t<\/a>\n\t\t\t\t\t\t\t\t\t\t\t\t\t\t\t<\/div>\n\t\t\t\t<div class=\"elementor-element elementor-element-a6dda76 elementor-widget elementor-widget-heading\" data-id=\"a6dda76\" data-element_type=\"widget\" data-e-type=\"widget\" data-widget_type=\"heading.default\">\n\t\t\t\t\t<h4 class=\"elementor-heading-title elementor-size-default\">CHASIS<\/h4>\t\t\t\t<\/div>\n\t\t\t\t<\/div>\n\t\t<div class=\"elementor-element elementor-element-7c95e3d e-con-full e-flex e-con e-child\" data-id=\"7c95e3d\" data-element_type=\"container\" data-e-type=\"container\">\n\t\t\t\t<div class=\"elementor-element elementor-element-d7d0c0f elementor-widget elementor-widget-image\" data-id=\"d7d0c0f\" data-element_type=\"widget\" data-e-type=\"widget\" data-settings=\"{&quot;_animation&quot;:&quot;none&quot;}\" data-widget_type=\"image.default\">\n\t\t\t\t\t\t\t\t\t\t\t\t\t\t\t\t<a href=\"https:\/\/irusa-sa.com\/wp-content\/uploads\/2026\/02\/MAQUINARIA-1-1.webp\" data-elementor-open-lightbox=\"yes\" data-elementor-lightbox-title=\"MAQUINARIA 1\" data-e-action-hash=\"#elementor-action%3Aaction%3Dlightbox%26settings%3DeyJpZCI6NDUwLCJ1cmwiOiJodHRwczpcL1wvaXJ1c2Etc2EuY29tXC93cC1jb250ZW50XC91cGxvYWRzXC8yMDI2XC8wMlwvTUFRVUlOQVJJQS0xLTEud2VicCJ9\">\n\t\t\t\t\t\t\t<img decoding=\"async\" width=\"1024\" height=\"683\" src=\"https:\/\/irusa-sa.com\/wp-content\/uploads\/2026\/02\/MAQUINARIA-1-1-1024x683.webp\" class=\"elementor-animation-bounce-in attachment-large size-large wp-image-450\" alt=\"\" srcset=\"https:\/\/irusa-sa.com\/wp-content\/uploads\/2026\/02\/MAQUINARIA-1-1-1024x683.webp 1024w, https:\/\/irusa-sa.com\/wp-content\/uploads\/2026\/02\/MAQUINARIA-1-1-300x200.webp 300w, https:\/\/irusa-sa.com\/wp-content\/uploads\/2026\/02\/MAQUINARIA-1-1-768x512.webp 768w, https:\/\/irusa-sa.com\/wp-content\/uploads\/2026\/02\/MAQUINARIA-1-1.webp 1080w\" sizes=\"(max-width: 1024px) 100vw, 1024px\" \/>\t\t\t\t\t\t\t\t<\/a>\n\t\t\t\t\t\t\t\t\t\t\t\t\t\t\t<\/div>\n\t\t\t\t<div class=\"elementor-element elementor-element-6cc3aa1 elementor-widget elementor-widget-heading\" data-id=\"6cc3aa1\" data-element_type=\"widget\" data-e-type=\"widget\" data-widget_type=\"heading.default\">\n\t\t\t\t\t<h4 class=\"elementor-heading-title elementor-size-default\">MAQUINARIA <\/h4>\t\t\t\t<\/div>\n\t\t\t\t<\/div>\n\t\t<div class=\"elementor-element elementor-element-7d75ed3 e-con-full e-flex e-con e-child\" data-id=\"7d75ed3\" data-element_type=\"container\" data-e-type=\"container\">\n\t\t\t\t<div class=\"elementor-element elementor-element-9f4b918 elementor-widget elementor-widget-image\" data-id=\"9f4b918\" data-element_type=\"widget\" data-e-type=\"widget\" data-settings=\"{&quot;_animation&quot;:&quot;none&quot;}\" data-widget_type=\"image.default\">\n\t\t\t\t\t\t\t\t\t\t\t\t\t\t\t\t<a href=\"https:\/\/irusa-sa.com\/wp-content\/uploads\/2026\/02\/CARCASAS-EOLICAS.webp\" data-elementor-open-lightbox=\"yes\" data-elementor-lightbox-title=\"CARCASAS E\u00d3LICAS\" data-e-action-hash=\"#elementor-action%3Aaction%3Dlightbox%26settings%3DeyJpZCI6NDUxLCJ1cmwiOiJodHRwczpcL1wvaXJ1c2Etc2EuY29tXC93cC1jb250ZW50XC91cGxvYWRzXC8yMDI2XC8wMlwvQ0FSQ0FTQVMtRU9MSUNBUy53ZWJwIn0%3D\">\n\t\t\t\t\t\t\t<img decoding=\"async\" width=\"1024\" height=\"683\" src=\"https:\/\/irusa-sa.com\/wp-content\/uploads\/2026\/02\/CARCASAS-EOLICAS-1024x683.webp\" class=\"elementor-animation-bounce-in attachment-large size-large wp-image-451\" alt=\"\" srcset=\"https:\/\/irusa-sa.com\/wp-content\/uploads\/2026\/02\/CARCASAS-EOLICAS-1024x683.webp 1024w, https:\/\/irusa-sa.com\/wp-content\/uploads\/2026\/02\/CARCASAS-EOLICAS-300x200.webp 300w, https:\/\/irusa-sa.com\/wp-content\/uploads\/2026\/02\/CARCASAS-EOLICAS-768x512.webp 768w, https:\/\/irusa-sa.com\/wp-content\/uploads\/2026\/02\/CARCASAS-EOLICAS.webp 1080w\" sizes=\"(max-width: 1024px) 100vw, 1024px\" \/>\t\t\t\t\t\t\t\t<\/a>\n\t\t\t\t\t\t\t\t\t\t\t\t\t\t\t<\/div>\n\t\t\t\t<div class=\"elementor-element elementor-element-c19a893 elementor-widget elementor-widget-heading\" data-id=\"c19a893\" data-element_type=\"widget\" data-e-type=\"widget\" data-widget_type=\"heading.default\">\n\t\t\t\t\t<h4 class=\"elementor-heading-title elementor-size-default\">CARCASAS E\u00d3LICAS<\/h4>\t\t\t\t<\/div>\n\t\t\t\t<\/div>\n\t\t<div class=\"elementor-element elementor-element-4a3c803 e-con-full e-flex e-con e-child\" data-id=\"4a3c803\" data-element_type=\"container\" data-e-type=\"container\">\n\t\t\t\t<div class=\"elementor-element elementor-element-7058fbd elementor-widget elementor-widget-image\" data-id=\"7058fbd\" data-element_type=\"widget\" data-e-type=\"widget\" data-settings=\"{&quot;_animation&quot;:&quot;none&quot;}\" data-widget_type=\"image.default\">\n\t\t\t\t\t\t\t\t\t\t\t\t\t\t\t\t<a href=\"https:\/\/irusa-sa.com\/wp-content\/uploads\/2026\/02\/COMPONENTES-ELEVACION.webp\" data-elementor-open-lightbox=\"yes\" data-elementor-lightbox-title=\"COMPONENTES ELEVACION\" data-e-action-hash=\"#elementor-action%3Aaction%3Dlightbox%26settings%3DeyJpZCI6NDUzLCJ1cmwiOiJodHRwczpcL1wvaXJ1c2Etc2EuY29tXC93cC1jb250ZW50XC91cGxvYWRzXC8yMDI2XC8wMlwvQ09NUE9ORU5URVMtRUxFVkFDSU9OLndlYnAifQ%3D%3D\">\n\t\t\t\t\t\t\t<img loading=\"lazy\" decoding=\"async\" width=\"1024\" height=\"683\" src=\"https:\/\/irusa-sa.com\/wp-content\/uploads\/2026\/02\/COMPONENTES-ELEVACION-1024x683.webp\" class=\"elementor-animation-bounce-in attachment-large size-large wp-image-453\" alt=\"\" srcset=\"https:\/\/irusa-sa.com\/wp-content\/uploads\/2026\/02\/COMPONENTES-ELEVACION-1024x683.webp 1024w, https:\/\/irusa-sa.com\/wp-content\/uploads\/2026\/02\/COMPONENTES-ELEVACION-300x200.webp 300w, https:\/\/irusa-sa.com\/wp-content\/uploads\/2026\/02\/COMPONENTES-ELEVACION-768x512.webp 768w, https:\/\/irusa-sa.com\/wp-content\/uploads\/2026\/02\/COMPONENTES-ELEVACION.webp 1080w\" sizes=\"(max-width: 1024px) 100vw, 1024px\" \/>\t\t\t\t\t\t\t\t<\/a>\n\t\t\t\t\t\t\t\t\t\t\t\t\t\t\t<\/div>\n\t\t\t\t<div class=\"elementor-element elementor-element-df8ad0d elementor-widget elementor-widget-heading\" data-id=\"df8ad0d\" data-element_type=\"widget\" data-e-type=\"widget\" data-widget_type=\"heading.default\">\n\t\t\t\t\t<h4 class=\"elementor-heading-title elementor-size-default\">COMPONENTES ELEVACION<\/h4>\t\t\t\t<\/div>\n\t\t\t\t<\/div>\n\t\t<div class=\"elementor-element elementor-element-31cb3f3 e-con-full e-flex e-con e-child\" data-id=\"31cb3f3\" data-element_type=\"container\" data-e-type=\"container\">\n\t\t\t\t<div class=\"elementor-element elementor-element-b02f1ee elementor-widget elementor-widget-image\" data-id=\"b02f1ee\" data-element_type=\"widget\" data-e-type=\"widget\" data-settings=\"{&quot;_animation&quot;:&quot;none&quot;}\" data-widget_type=\"image.default\">\n\t\t\t\t\t\t\t\t\t\t\t\t\t\t\t\t<a href=\"https:\/\/irusa-sa.com\/wp-content\/uploads\/2026\/02\/MAQUINARIA-PG.webp\" data-elementor-open-lightbox=\"yes\" data-elementor-lightbox-title=\"MAQUINARIA PG\" data-e-action-hash=\"#elementor-action%3Aaction%3Dlightbox%26settings%3DeyJpZCI6NDU3LCJ1cmwiOiJodHRwczpcL1wvaXJ1c2Etc2EuY29tXC93cC1jb250ZW50XC91cGxvYWRzXC8yMDI2XC8wMlwvTUFRVUlOQVJJQS1QRy53ZWJwIn0%3D\">\n\t\t\t\t\t\t\t<img loading=\"lazy\" decoding=\"async\" width=\"1024\" height=\"683\" src=\"https:\/\/irusa-sa.com\/wp-content\/uploads\/2026\/02\/MAQUINARIA-PG-1024x683.webp\" class=\"elementor-animation-bounce-in attachment-large size-large wp-image-457\" alt=\"\" srcset=\"https:\/\/irusa-sa.com\/wp-content\/uploads\/2026\/02\/MAQUINARIA-PG-1024x683.webp 1024w, https:\/\/irusa-sa.com\/wp-content\/uploads\/2026\/02\/MAQUINARIA-PG-300x200.webp 300w, https:\/\/irusa-sa.com\/wp-content\/uploads\/2026\/02\/MAQUINARIA-PG-768x512.webp 768w, https:\/\/irusa-sa.com\/wp-content\/uploads\/2026\/02\/MAQUINARIA-PG.webp 1080w\" sizes=\"(max-width: 1024px) 100vw, 1024px\" \/>\t\t\t\t\t\t\t\t<\/a>\n\t\t\t\t\t\t\t\t\t\t\t\t\t\t\t<\/div>\n\t\t\t\t<div class=\"elementor-element elementor-element-04643f3 elementor-widget elementor-widget-heading\" data-id=\"04643f3\" data-element_type=\"widget\" data-e-type=\"widget\" data-widget_type=\"heading.default\">\n\t\t\t\t\t<h4 class=\"elementor-heading-title elementor-size-default\">MAQUINARIA <\/h4>\t\t\t\t<\/div>\n\t\t\t\t<\/div>\n\t\t<div class=\"elementor-element elementor-element-52dd7ff e-con-full e-flex e-con e-child\" data-id=\"52dd7ff\" data-element_type=\"container\" data-e-type=\"container\">\n\t\t\t\t<div class=\"elementor-element elementor-element-e9a8a52 elementor-widget elementor-widget-image\" data-id=\"e9a8a52\" data-element_type=\"widget\" data-e-type=\"widget\" data-settings=\"{&quot;_animation&quot;:&quot;none&quot;}\" data-widget_type=\"image.default\">\n\t\t\t\t\t\t\t\t\t\t\t\t\t\t\t\t<a href=\"https:\/\/irusa-sa.com\/wp-content\/uploads\/2026\/02\/CARCASAS-EOLICAS-UNI.webp\" data-elementor-open-lightbox=\"yes\" data-elementor-lightbox-title=\"CARCASAS E\u00d3LICAS UNI\" data-e-action-hash=\"#elementor-action%3Aaction%3Dlightbox%26settings%3DeyJpZCI6NDU5LCJ1cmwiOiJodHRwczpcL1wvaXJ1c2Etc2EuY29tXC93cC1jb250ZW50XC91cGxvYWRzXC8yMDI2XC8wMlwvQ0FSQ0FTQVMtRU9MSUNBUy1VTkkud2VicCJ9\">\n\t\t\t\t\t\t\t<img loading=\"lazy\" decoding=\"async\" width=\"1024\" height=\"683\" src=\"https:\/\/irusa-sa.com\/wp-content\/uploads\/2026\/02\/CARCASAS-EOLICAS-UNI-1024x683.webp\" class=\"elementor-animation-bounce-in attachment-large size-large wp-image-459\" alt=\"\" srcset=\"https:\/\/irusa-sa.com\/wp-content\/uploads\/2026\/02\/CARCASAS-EOLICAS-UNI-1024x683.webp 1024w, https:\/\/irusa-sa.com\/wp-content\/uploads\/2026\/02\/CARCASAS-EOLICAS-UNI-300x200.webp 300w, https:\/\/irusa-sa.com\/wp-content\/uploads\/2026\/02\/CARCASAS-EOLICAS-UNI-768x512.webp 768w, https:\/\/irusa-sa.com\/wp-content\/uploads\/2026\/02\/CARCASAS-EOLICAS-UNI.webp 1080w\" sizes=\"(max-width: 1024px) 100vw, 1024px\" \/>\t\t\t\t\t\t\t\t<\/a>\n\t\t\t\t\t\t\t\t\t\t\t\t\t\t\t<\/div>\n\t\t\t\t<div class=\"elementor-element elementor-element-d0e0846 elementor-widget elementor-widget-heading\" data-id=\"d0e0846\" data-element_type=\"widget\" data-e-type=\"widget\" data-widget_type=\"heading.default\">\n\t\t\t\t\t<h4 class=\"elementor-heading-title elementor-size-default\">CARCASAS E\u00d3LICAS<\/h4>\t\t\t\t<\/div>\n\t\t\t\t<\/div>\n\t\t\t\t\t<\/div>\n\t\t\t\t<\/div>\n\t\t<div class=\"elementor-element elementor-element-0cc152b e-flex e-con-boxed e-con e-parent\" data-id=\"0cc152b\" data-element_type=\"container\" data-e-type=\"container\">\n\t\t\t\t\t<div class=\"e-con-inner\">\n\t\t\t\t<div class=\"elementor-element elementor-element-8a6ab41 elementor-widget elementor-widget-spacer\" data-id=\"8a6ab41\" data-element_type=\"widget\" data-e-type=\"widget\" data-widget_type=\"spacer.default\">\n\t\t\t\t\t\t\t<div class=\"elementor-spacer\">\n\t\t\t<div class=\"elementor-spacer-inner\"><\/div>\n\t\t<\/div>\n\t\t\t\t\t\t<\/div>\n\t\t\t\t\t<\/div>\n\t\t\t\t<\/div>\n\t\t\t\t<\/div>\n\t\t","protected":false},"excerpt":{"rendered":"<p>Bancadas, chasis, carcasas e\u00f3licas, componentes elevaci\u00f3n, prensas papel, mesas giratorias&#8230; CHASIS MAQUINARIA CARCASAS E\u00d3LICAS COMPONENTES ELEVACION MAQUINARIA CARCASAS E\u00d3LICAS<\/p>\n","protected":false},"author":1,"featured_media":0,"parent":0,"menu_order":0,"comment_status":"closed","ping_status":"closed","template":"","meta":{"site-sidebar-layout":"no-sidebar","site-content-layout":"","ast-site-content-layout":"full-width-container","site-content-style":"default","site-sidebar-style":"default","ast-global-header-display":"","ast-banner-title-visibility":"","ast-main-header-display":"","ast-hfb-above-header-display":"","ast-hfb-below-header-display":"","ast-hfb-mobile-header-display":"","site-post-title":"disabled","ast-breadcrumbs-content":"","ast-featured-img":"disabled","footer-sml-layout":"","ast-disable-related-posts":"","theme-transparent-header-meta":"","adv-header-id-meta":"","stick-header-meta":"","header-above-stick-meta":"","header-main-stick-meta":"","header-below-stick-meta":"","astra-migrate-meta-layouts":"default","ast-page-background-enabled":"default","ast-page-background-meta":{"desktop":{"background-color":"var(--ast-global-color-5)","background-image":"","background-repeat":"repeat","background-position":"center center","background-size":"auto","background-attachment":"scroll","background-type":"","background-media":"","overlay-type":"","overlay-color":"","overlay-opacity":"","overlay-gradient":""},"tablet":{"background-color":"","background-image":"","background-repeat":"repeat","background-position":"center center","background-size":"auto","background-attachment":"scroll","background-type":"","background-media":"","overlay-type":"","overlay-color":"","overlay-opacity":"","overlay-gradient":""},"mobile":{"background-color":"","background-image":"","background-repeat":"repeat","background-position":"center center","background-size":"auto","background-attachment":"scroll","background-type":"","background-media":"","overlay-type":"","overlay-color":"","overlay-opacity":"","overlay-gradient":""}},"ast-content-background-meta":{"desktop":{"background-color":"var(--ast-global-color-4)","background-image":"","background-repeat":"repeat","background-position":"center center","background-size":"auto","background-attachment":"scroll","background-type":"","background-media":"","overlay-type":"","overlay-color":"","overlay-opacity":"","overlay-gradient":""},"tablet":{"background-color":"var(--ast-global-color-4)","background-image":"","background-repeat":"repeat","background-position":"center center","background-size":"auto","background-attachment":"scroll","background-type":"","background-media":"","overlay-type":"","overlay-color":"","overlay-opacity":"","overlay-gradient":""},"mobile":{"background-color":"var(--ast-global-color-4)","background-image":"","background-repeat":"repeat","background-position":"center center","background-size":"auto","background-attachment":"scroll","background-type":"","background-media":"","overlay-type":"","overlay-color":"","overlay-opacity":"","overlay-gradient":""}},"footnotes":""},"class_list":["post-51","page","type-page","status-publish","hentry"],"yoast_head":"<!-- This site is optimized with the Yoast SEO plugin v27.1.1 - https:\/\/yoast.com\/product\/yoast-seo-wordpress\/ -->\n<title>Maquinaria - Praise The Sun<\/title>\n<meta name=\"robots\" content=\"index, follow, max-snippet:-1, max-image-preview:large, max-video-preview:-1\" \/>\n<link rel=\"canonical\" href=\"https:\/\/irusa-sa.com\/?page_id=51\" \/>\n<meta property=\"og:locale\" content=\"es_ES\" \/>\n<meta property=\"og:type\" content=\"article\" \/>\n<meta property=\"og:title\" content=\"Maquinaria - Praise The Sun\" \/>\n<meta property=\"og:description\" content=\"Bancadas, chasis, carcasas e\u00f3licas, componentes elevaci\u00f3n, prensas papel, mesas giratorias&#8230; CHASIS MAQUINARIA CARCASAS E\u00d3LICAS COMPONENTES ELEVACION MAQUINARIA CARCASAS E\u00d3LICAS\" \/>\n<meta property=\"og:url\" content=\"https:\/\/irusa-sa.com\/?page_id=51\" \/>\n<meta property=\"og:site_name\" content=\"Praise The Sun\" \/>\n<meta property=\"article:modified_time\" content=\"2026-03-09T02:55:41+00:00\" \/>\n<meta property=\"og:image\" content=\"https:\/\/irusa-sa.com\/wp-content\/uploads\/2026\/02\/CHASIS.webp\" \/>\n\t<meta property=\"og:image:width\" content=\"1080\" \/>\n\t<meta property=\"og:image:height\" content=\"720\" \/>\n\t<meta property=\"og:image:type\" content=\"image\/webp\" \/>\n<meta name=\"twitter:card\" content=\"summary_large_image\" \/>\n<script type=\"application\/ld+json\" class=\"yoast-schema-graph\">{\"@context\":\"https:\/\/schema.org\",\"@graph\":[{\"@type\":\"WebPage\",\"@id\":\"https:\/\/irusa-sa.com\/?page_id=51\",\"url\":\"https:\/\/irusa-sa.com\/?page_id=51\",\"name\":\"Maquinaria - Praise The Sun\",\"isPartOf\":{\"@id\":\"https:\/\/irusa-sa.com\/#website\"},\"primaryImageOfPage\":{\"@id\":\"https:\/\/irusa-sa.com\/?page_id=51#primaryimage\"},\"image\":{\"@id\":\"https:\/\/irusa-sa.com\/?page_id=51#primaryimage\"},\"thumbnailUrl\":\"https:\/\/irusa-sa.com\/wp-content\/uploads\/2026\/02\/CHASIS-1024x683.webp\",\"datePublished\":\"2026-02-24T20:12:52+00:00\",\"dateModified\":\"2026-03-09T02:55:41+00:00\",\"breadcrumb\":{\"@id\":\"https:\/\/irusa-sa.com\/?page_id=51#breadcrumb\"},\"inLanguage\":\"es\",\"potentialAction\":[{\"@type\":\"ReadAction\",\"target\":[\"https:\/\/irusa-sa.com\/?page_id=51\"]}]},{\"@type\":\"ImageObject\",\"inLanguage\":\"es\",\"@id\":\"https:\/\/irusa-sa.com\/?page_id=51#primaryimage\",\"url\":\"https:\/\/irusa-sa.com\/wp-content\/uploads\/2026\/02\/CHASIS.webp\",\"contentUrl\":\"https:\/\/irusa-sa.com\/wp-content\/uploads\/2026\/02\/CHASIS.webp\",\"width\":1080,\"height\":720},{\"@type\":\"BreadcrumbList\",\"@id\":\"https:\/\/irusa-sa.com\/?page_id=51#breadcrumb\",\"itemListElement\":[{\"@type\":\"ListItem\",\"position\":1,\"name\":\"Portada\",\"item\":\"https:\/\/irusa-sa.com\/\"},{\"@type\":\"ListItem\",\"position\":2,\"name\":\"Maquinaria\"}]},{\"@type\":\"WebSite\",\"@id\":\"https:\/\/irusa-sa.com\/#website\",\"url\":\"https:\/\/irusa-sa.com\/\",\"name\":\"Praise The Sun\",\"description\":\"Fabricaci\u00f3n de productos para calderer\u00eda media-pesada bajo plano (dep\u00f3sitos, estructuras...)\",\"publisher\":{\"@id\":\"https:\/\/irusa-sa.com\/#organization\"},\"potentialAction\":[{\"@type\":\"SearchAction\",\"target\":{\"@type\":\"EntryPoint\",\"urlTemplate\":\"https:\/\/irusa-sa.com\/?s={search_term_string}\"},\"query-input\":{\"@type\":\"PropertyValueSpecification\",\"valueRequired\":true,\"valueName\":\"search_term_string\"}}],\"inLanguage\":\"es\"},{\"@type\":\"Organization\",\"@id\":\"https:\/\/irusa-sa.com\/#organization\",\"name\":\"Praise The Sun\",\"url\":\"https:\/\/irusa-sa.com\/\",\"logo\":{\"@type\":\"ImageObject\",\"inLanguage\":\"es\",\"@id\":\"https:\/\/irusa-sa.com\/#\/schema\/logo\/image\/\",\"url\":\"https:\/\/irusa-sa.com\/wp-content\/uploads\/2026\/02\/cropped-irusa_logo-NOU-PNG.webp\",\"contentUrl\":\"https:\/\/irusa-sa.com\/wp-content\/uploads\/2026\/02\/cropped-irusa_logo-NOU-PNG.webp\",\"width\":500,\"height\":86,\"caption\":\"Praise The Sun\"},\"image\":{\"@id\":\"https:\/\/irusa-sa.com\/#\/schema\/logo\/image\/\"}}]}<\/script>\n<!-- \/ Yoast SEO plugin. -->","yoast_head_json":{"title":"Maquinaria - Praise The Sun","robots":{"index":"index","follow":"follow","max-snippet":"max-snippet:-1","max-image-preview":"max-image-preview:large","max-video-preview":"max-video-preview:-1"},"canonical":"https:\/\/irusa-sa.com\/?page_id=51","og_locale":"es_ES","og_type":"article","og_title":"Maquinaria - Praise The Sun","og_description":"Bancadas, chasis, carcasas e\u00f3licas, componentes elevaci\u00f3n, prensas papel, mesas giratorias&#8230; CHASIS MAQUINARIA CARCASAS E\u00d3LICAS COMPONENTES ELEVACION MAQUINARIA CARCASAS E\u00d3LICAS","og_url":"https:\/\/irusa-sa.com\/?page_id=51","og_site_name":"Praise The Sun","article_modified_time":"2026-03-09T02:55:41+00:00","og_image":[{"width":1080,"height":720,"url":"https:\/\/irusa-sa.com\/wp-content\/uploads\/2026\/02\/CHASIS.webp","type":"image\/webp"}],"twitter_card":"summary_large_image","schema":{"@context":"https:\/\/schema.org","@graph":[{"@type":"WebPage","@id":"https:\/\/irusa-sa.com\/?page_id=51","url":"https:\/\/irusa-sa.com\/?page_id=51","name":"Maquinaria - Praise The Sun","isPartOf":{"@id":"https:\/\/irusa-sa.com\/#website"},"primaryImageOfPage":{"@id":"https:\/\/irusa-sa.com\/?page_id=51#primaryimage"},"image":{"@id":"https:\/\/irusa-sa.com\/?page_id=51#primaryimage"},"thumbnailUrl":"https:\/\/irusa-sa.com\/wp-content\/uploads\/2026\/02\/CHASIS-1024x683.webp","datePublished":"2026-02-24T20:12:52+00:00","dateModified":"2026-03-09T02:55:41+00:00","breadcrumb":{"@id":"https:\/\/irusa-sa.com\/?page_id=51#breadcrumb"},"inLanguage":"es","potentialAction":[{"@type":"ReadAction","target":["https:\/\/irusa-sa.com\/?page_id=51"]}]},{"@type":"ImageObject","inLanguage":"es","@id":"https:\/\/irusa-sa.com\/?page_id=51#primaryimage","url":"https:\/\/irusa-sa.com\/wp-content\/uploads\/2026\/02\/CHASIS.webp","contentUrl":"https:\/\/irusa-sa.com\/wp-content\/uploads\/2026\/02\/CHASIS.webp","width":1080,"height":720},{"@type":"BreadcrumbList","@id":"https:\/\/irusa-sa.com\/?page_id=51#breadcrumb","itemListElement":[{"@type":"ListItem","position":1,"name":"Portada","item":"https:\/\/irusa-sa.com\/"},{"@type":"ListItem","position":2,"name":"Maquinaria"}]},{"@type":"WebSite","@id":"https:\/\/irusa-sa.com\/#website","url":"https:\/\/irusa-sa.com\/","name":"Praise The Sun","description":"Fabricaci\u00f3n de productos para calderer\u00eda media-pesada bajo plano (dep\u00f3sitos, estructuras...)","publisher":{"@id":"https:\/\/irusa-sa.com\/#organization"},"potentialAction":[{"@type":"SearchAction","target":{"@type":"EntryPoint","urlTemplate":"https:\/\/irusa-sa.com\/?s={search_term_string}"},"query-input":{"@type":"PropertyValueSpecification","valueRequired":true,"valueName":"search_term_string"}}],"inLanguage":"es"},{"@type":"Organization","@id":"https:\/\/irusa-sa.com\/#organization","name":"Praise The Sun","url":"https:\/\/irusa-sa.com\/","logo":{"@type":"ImageObject","inLanguage":"es","@id":"https:\/\/irusa-sa.com\/#\/schema\/logo\/image\/","url":"https:\/\/irusa-sa.com\/wp-content\/uploads\/2026\/02\/cropped-irusa_logo-NOU-PNG.webp","contentUrl":"https:\/\/irusa-sa.com\/wp-content\/uploads\/2026\/02\/cropped-irusa_logo-NOU-PNG.webp","width":500,"height":86,"caption":"Praise The Sun"},"image":{"@id":"https:\/\/irusa-sa.com\/#\/schema\/logo\/image\/"}}]}},"_links":{"self":[{"href":"https:\/\/irusa-sa.com\/index.php?rest_route=\/wp\/v2\/pages\/51","targetHints":{"allow":["GET"]}}],"collection":[{"href":"https:\/\/irusa-sa.com\/index.php?rest_route=\/wp\/v2\/pages"}],"about":[{"href":"https:\/\/irusa-sa.com\/index.php?rest_route=\/wp\/v2\/types\/page"}],"author":[{"embeddable":true,"href":"https:\/\/irusa-sa.com\/index.php?rest_route=\/wp\/v2\/users\/1"}],"replies":[{"embeddable":true,"href":"https:\/\/irusa-sa.com\/index.php?rest_route=%2Fwp%2Fv2%2Fcomments&post=51"}],"version-history":[{"count":0,"href":"https:\/\/irusa-sa.com\/index.php?rest_route=\/wp\/v2\/pages\/51\/revisions"}],"wp:attachment":[{"href":"https:\/\/irusa-sa.com\/index.php?rest_route=%2Fwp%2Fv2%2Fmedia&parent=51"}],"curies":[{"name":"wp","href":"https:\/\/api.w.org\/{rel}","templated":true}]}}