{"id":757,"date":"2026-03-09T02:14:02","date_gmt":"2026-03-09T02:14:02","guid":{"rendered":"https:\/\/staging.irusa-sa.com\/?page_id=757"},"modified":"2026-03-09T05:02:10","modified_gmt":"2026-03-09T05:02:10","slug":"metallicstructure","status":"publish","type":"page","link":"https:\/\/irusa-sa.com\/?page_id=757&lang=en","title":{"rendered":"Metallic Structure"},"content":{"rendered":"\t\t<div data-elementor-type=\"wp-page\" data-elementor-id=\"757\" class=\"elementor elementor-757\" data-elementor-post-type=\"page\">\n\t\t\t\t<div class=\"elementor-element elementor-element-90bce4c e-con-full e-flex e-con e-parent\" data-id=\"90bce4c\" data-element_type=\"container\" data-e-type=\"container\" data-settings=\"{&quot;background_background&quot;:&quot;classic&quot;}\">\n\t\t\t\t<div class=\"elementor-element elementor-element-09bb19f elementor-widget elementor-widget-heading\" data-id=\"09bb19f\" data-element_type=\"widget\" data-e-type=\"widget\" data-widget_type=\"heading.default\">\n\t\t\t\t\t<h1 class=\"elementor-heading-title elementor-size-default\">Metallic Structure<\/h1>\t\t\t\t<\/div>\n\t\t\t\t<div class=\"elementor-element elementor-element-b203ef7 elementor-widget elementor-widget-text-editor\" data-id=\"b203ef7\" data-element_type=\"widget\" data-e-type=\"widget\" data-widget_type=\"text-editor.default\">\n\t\t\t\t\t\t\t\t\t<p class=\"align light padding-movil2\">Mounted, welded, castles &#8230;<\/p>\t\t\t\t\t\t\t\t<\/div>\n\t\t\t\t<\/div>\n\t\t<div class=\"elementor-element elementor-element-e849039 e-flex e-con-boxed e-con e-parent\" data-id=\"e849039\" data-element_type=\"container\" data-e-type=\"container\">\n\t\t\t\t\t<div class=\"e-con-inner\">\n\t\t<div class=\"elementor-element elementor-element-8ffae56 e-con-full e-flex e-con e-child\" data-id=\"8ffae56\" data-element_type=\"container\" data-e-type=\"container\">\n\t\t\t\t<div class=\"elementor-element elementor-element-f3e20ca elementor-widget elementor-widget-image\" data-id=\"f3e20ca\" data-element_type=\"widget\" data-e-type=\"widget\" data-settings=\"{&quot;_animation&quot;:&quot;none&quot;}\" data-widget_type=\"image.default\">\n\t\t\t\t\t\t\t\t\t\t\t\t\t\t\t\t<a href=\"https:\/\/irusa-sa.com\/wp-content\/uploads\/2026\/02\/PLANTA-DE-HORMIGON.webp\" data-elementor-open-lightbox=\"yes\" data-elementor-lightbox-title=\"PLANTA DE HORMIG\u00d3N\" data-e-action-hash=\"#elementor-action%3Aaction%3Dlightbox%26settings%3DeyJpZCI6NDcxLCJ1cmwiOiJodHRwczpcL1wvaXJ1c2Etc2EuY29tXC93cC1jb250ZW50XC91cGxvYWRzXC8yMDI2XC8wMlwvUExBTlRBLURFLUhPUk1JR09OLndlYnAifQ%3D%3D\">\n\t\t\t\t\t\t\t<img fetchpriority=\"high\" decoding=\"async\" width=\"932\" height=\"618\" src=\"https:\/\/irusa-sa.com\/wp-content\/uploads\/2026\/02\/PLANTA-DE-HORMIGON.webp\" class=\"elementor-animation-bounce-in attachment-large size-large wp-image-471\" alt=\"\" srcset=\"https:\/\/irusa-sa.com\/wp-content\/uploads\/2026\/02\/PLANTA-DE-HORMIGON.webp 932w, https:\/\/irusa-sa.com\/wp-content\/uploads\/2026\/02\/PLANTA-DE-HORMIGON-300x199.webp 300w, https:\/\/irusa-sa.com\/wp-content\/uploads\/2026\/02\/PLANTA-DE-HORMIGON-768x509.webp 768w\" sizes=\"(max-width: 932px) 100vw, 932px\" \/>\t\t\t\t\t\t\t\t<\/a>\n\t\t\t\t\t\t\t\t\t\t\t\t\t\t\t<\/div>\n\t\t\t\t<div class=\"elementor-element elementor-element-a515ef7 elementor-widget elementor-widget-heading\" data-id=\"a515ef7\" data-element_type=\"widget\" data-e-type=\"widget\" data-widget_type=\"heading.default\">\n\t\t\t\t\t<h4 class=\"elementor-heading-title elementor-size-default\">CONCRETE PLANT<\/h4>\t\t\t\t<\/div>\n\t\t\t\t<\/div>\n\t\t<div class=\"elementor-element elementor-element-ab7c93f e-con-full e-flex e-con e-child\" data-id=\"ab7c93f\" data-element_type=\"container\" data-e-type=\"container\">\n\t\t\t\t<div class=\"elementor-element elementor-element-1bb8480 elementor-widget elementor-widget-image\" data-id=\"1bb8480\" data-element_type=\"widget\" data-e-type=\"widget\" data-settings=\"{&quot;_animation&quot;:&quot;none&quot;}\" data-widget_type=\"image.default\">\n\t\t\t\t\t\t\t\t\t\t\t\t\t\t\t\t<a href=\"https:\/\/irusa-sa.com\/wp-content\/uploads\/2026\/02\/TORRE-DE-PROCESO.webp\" data-elementor-open-lightbox=\"yes\" data-elementor-lightbox-title=\"TORRE DE PROCESO\" data-e-action-hash=\"#elementor-action%3Aaction%3Dlightbox%26settings%3DeyJpZCI6NDcyLCJ1cmwiOiJodHRwczpcL1wvaXJ1c2Etc2EuY29tXC93cC1jb250ZW50XC91cGxvYWRzXC8yMDI2XC8wMlwvVE9SUkUtREUtUFJPQ0VTTy53ZWJwIn0%3D\">\n\t\t\t\t\t\t\t<img decoding=\"async\" width=\"932\" height=\"618\" src=\"https:\/\/irusa-sa.com\/wp-content\/uploads\/2026\/02\/TORRE-DE-PROCESO.webp\" class=\"elementor-animation-bounce-in attachment-large size-large wp-image-472\" alt=\"\" srcset=\"https:\/\/irusa-sa.com\/wp-content\/uploads\/2026\/02\/TORRE-DE-PROCESO.webp 932w, https:\/\/irusa-sa.com\/wp-content\/uploads\/2026\/02\/TORRE-DE-PROCESO-300x199.webp 300w, https:\/\/irusa-sa.com\/wp-content\/uploads\/2026\/02\/TORRE-DE-PROCESO-768x509.webp 768w\" sizes=\"(max-width: 932px) 100vw, 932px\" \/>\t\t\t\t\t\t\t\t<\/a>\n\t\t\t\t\t\t\t\t\t\t\t\t\t\t\t<\/div>\n\t\t\t\t<div class=\"elementor-element elementor-element-6608d48 elementor-widget elementor-widget-heading\" data-id=\"6608d48\" data-element_type=\"widget\" data-e-type=\"widget\" data-widget_type=\"heading.default\">\n\t\t\t\t\t<h4 class=\"elementor-heading-title elementor-size-default\">PROCESS TOWER<\/h4>\t\t\t\t<\/div>\n\t\t\t\t<\/div>\n\t\t<div class=\"elementor-element elementor-element-32f9999 e-con-full e-flex e-con e-child\" data-id=\"32f9999\" data-element_type=\"container\" data-e-type=\"container\">\n\t\t\t\t<div class=\"elementor-element elementor-element-49e2d4f elementor-widget elementor-widget-image\" data-id=\"49e2d4f\" data-element_type=\"widget\" data-e-type=\"widget\" data-settings=\"{&quot;_animation&quot;:&quot;none&quot;}\" data-widget_type=\"image.default\">\n\t\t\t\t\t\t\t\t\t\t\t\t\t\t\t\t<a href=\"https:\/\/irusa-sa.com\/wp-content\/uploads\/2026\/02\/AUXILIAR-Y-ACCESOS.webp\" data-elementor-open-lightbox=\"yes\" data-elementor-lightbox-title=\"AUXILIAR Y ACCESOS\" data-e-action-hash=\"#elementor-action%3Aaction%3Dlightbox%26settings%3DeyJpZCI6NDczLCJ1cmwiOiJodHRwczpcL1wvaXJ1c2Etc2EuY29tXC93cC1jb250ZW50XC91cGxvYWRzXC8yMDI2XC8wMlwvQVVYSUxJQVItWS1BQ0NFU09TLndlYnAifQ%3D%3D\">\n\t\t\t\t\t\t\t<img decoding=\"async\" width=\"932\" height=\"618\" src=\"https:\/\/irusa-sa.com\/wp-content\/uploads\/2026\/02\/AUXILIAR-Y-ACCESOS.webp\" class=\"elementor-animation-bounce-in attachment-large size-large wp-image-473\" alt=\"\" srcset=\"https:\/\/irusa-sa.com\/wp-content\/uploads\/2026\/02\/AUXILIAR-Y-ACCESOS.webp 932w, https:\/\/irusa-sa.com\/wp-content\/uploads\/2026\/02\/AUXILIAR-Y-ACCESOS-300x199.webp 300w, https:\/\/irusa-sa.com\/wp-content\/uploads\/2026\/02\/AUXILIAR-Y-ACCESOS-768x509.webp 768w\" sizes=\"(max-width: 932px) 100vw, 932px\" \/>\t\t\t\t\t\t\t\t<\/a>\n\t\t\t\t\t\t\t\t\t\t\t\t\t\t\t<\/div>\n\t\t\t\t<div class=\"elementor-element elementor-element-5385067 elementor-widget elementor-widget-heading\" data-id=\"5385067\" data-element_type=\"widget\" data-e-type=\"widget\" data-widget_type=\"heading.default\">\n\t\t\t\t\t<h4 class=\"elementor-heading-title elementor-size-default\">AUXILIARY AND ACCESS<\/h4>\t\t\t\t<\/div>\n\t\t\t\t<\/div>\n\t\t<div class=\"elementor-element elementor-element-ff01f6b e-con-full e-flex e-con e-child\" data-id=\"ff01f6b\" data-element_type=\"container\" data-e-type=\"container\">\n\t\t\t\t<div class=\"elementor-element elementor-element-9d76501 elementor-widget elementor-widget-image\" data-id=\"9d76501\" data-element_type=\"widget\" data-e-type=\"widget\" data-settings=\"{&quot;_animation&quot;:&quot;none&quot;}\" data-widget_type=\"image.default\">\n\t\t\t\t\t\t\t\t\t\t\t\t\t\t\t\t<a href=\"https:\/\/irusa-sa.com\/wp-content\/uploads\/2026\/02\/ESTRUCTURA-PINTADA.webp\" data-elementor-open-lightbox=\"yes\" data-elementor-lightbox-title=\"ESTRUCTURA PINTADA\" data-e-action-hash=\"#elementor-action%3Aaction%3Dlightbox%26settings%3DeyJpZCI6NDc3LCJ1cmwiOiJodHRwczpcL1wvaXJ1c2Etc2EuY29tXC93cC1jb250ZW50XC91cGxvYWRzXC8yMDI2XC8wMlwvRVNUUlVDVFVSQS1QSU5UQURBLndlYnAifQ%3D%3D\">\n\t\t\t\t\t\t\t<img loading=\"lazy\" decoding=\"async\" width=\"932\" height=\"618\" src=\"https:\/\/irusa-sa.com\/wp-content\/uploads\/2026\/02\/ESTRUCTURA-PINTADA.webp\" class=\"elementor-animation-bounce-in attachment-large size-large wp-image-477\" alt=\"\" srcset=\"https:\/\/irusa-sa.com\/wp-content\/uploads\/2026\/02\/ESTRUCTURA-PINTADA.webp 932w, https:\/\/irusa-sa.com\/wp-content\/uploads\/2026\/02\/ESTRUCTURA-PINTADA-300x199.webp 300w, https:\/\/irusa-sa.com\/wp-content\/uploads\/2026\/02\/ESTRUCTURA-PINTADA-768x509.webp 768w\" sizes=\"(max-width: 932px) 100vw, 932px\" \/>\t\t\t\t\t\t\t\t<\/a>\n\t\t\t\t\t\t\t\t\t\t\t\t\t\t\t<\/div>\n\t\t\t\t<div class=\"elementor-element elementor-element-53d00c9 elementor-widget elementor-widget-heading\" data-id=\"53d00c9\" data-element_type=\"widget\" data-e-type=\"widget\" data-widget_type=\"heading.default\">\n\t\t\t\t\t<h4 class=\"elementor-heading-title elementor-size-default\">PAINTED STRUCTURE<\/h4>\t\t\t\t<\/div>\n\t\t\t\t<\/div>\n\t\t<div class=\"elementor-element elementor-element-799e9f8 e-con-full e-flex e-con e-child\" data-id=\"799e9f8\" data-element_type=\"container\" data-e-type=\"container\">\n\t\t\t\t<div class=\"elementor-element elementor-element-0ba0700 elementor-widget elementor-widget-image\" data-id=\"0ba0700\" data-element_type=\"widget\" data-e-type=\"widget\" data-settings=\"{&quot;_animation&quot;:&quot;none&quot;}\" data-widget_type=\"image.default\">\n\t\t\t\t\t\t\t\t\t\t\t\t\t\t\t\t<a href=\"https:\/\/irusa-sa.com\/wp-content\/uploads\/2026\/02\/ESTRUCTURA-GALVANIZADA.webp\" data-elementor-open-lightbox=\"yes\" data-elementor-lightbox-title=\"ESTRUCTURA GALVANIZADA\" data-e-action-hash=\"#elementor-action%3Aaction%3Dlightbox%26settings%3DeyJpZCI6NDc4LCJ1cmwiOiJodHRwczpcL1wvaXJ1c2Etc2EuY29tXC93cC1jb250ZW50XC91cGxvYWRzXC8yMDI2XC8wMlwvRVNUUlVDVFVSQS1HQUxWQU5JWkFEQS53ZWJwIn0%3D\">\n\t\t\t\t\t\t\t<img loading=\"lazy\" decoding=\"async\" width=\"932\" height=\"618\" src=\"https:\/\/irusa-sa.com\/wp-content\/uploads\/2026\/02\/ESTRUCTURA-GALVANIZADA.webp\" class=\"elementor-animation-bounce-in attachment-large size-large wp-image-478\" alt=\"\" srcset=\"https:\/\/irusa-sa.com\/wp-content\/uploads\/2026\/02\/ESTRUCTURA-GALVANIZADA.webp 932w, https:\/\/irusa-sa.com\/wp-content\/uploads\/2026\/02\/ESTRUCTURA-GALVANIZADA-300x199.webp 300w, https:\/\/irusa-sa.com\/wp-content\/uploads\/2026\/02\/ESTRUCTURA-GALVANIZADA-768x509.webp 768w\" sizes=\"(max-width: 932px) 100vw, 932px\" \/>\t\t\t\t\t\t\t\t<\/a>\n\t\t\t\t\t\t\t\t\t\t\t\t\t\t\t<\/div>\n\t\t\t\t<div class=\"elementor-element elementor-element-2a2abd3 elementor-widget elementor-widget-heading\" data-id=\"2a2abd3\" data-element_type=\"widget\" data-e-type=\"widget\" data-widget_type=\"heading.default\">\n\t\t\t\t\t<h4 class=\"elementor-heading-title elementor-size-default\">GALVANIZED STRUCTURE<\/h4>\t\t\t\t<\/div>\n\t\t\t\t<\/div>\n\t\t<div class=\"elementor-element elementor-element-d71be57 e-con-full e-flex e-con e-child\" data-id=\"d71be57\" data-element_type=\"container\" data-e-type=\"container\">\n\t\t\t\t<\/div>\n\t\t\t\t\t<\/div>\n\t\t\t\t<\/div>\n\t\t<div class=\"elementor-element elementor-element-dd1076e e-flex e-con-boxed e-con e-parent\" data-id=\"dd1076e\" data-element_type=\"container\" data-e-type=\"container\">\n\t\t\t\t\t<div class=\"e-con-inner\">\n\t\t\t\t<div class=\"elementor-element elementor-element-2b11a6f elementor-widget elementor-widget-spacer\" data-id=\"2b11a6f\" data-element_type=\"widget\" data-e-type=\"widget\" data-widget_type=\"spacer.default\">\n\t\t\t\t\t\t\t<div class=\"elementor-spacer\">\n\t\t\t<div class=\"elementor-spacer-inner\"><\/div>\n\t\t<\/div>\n\t\t\t\t\t\t<\/div>\n\t\t\t\t\t<\/div>\n\t\t\t\t<\/div>\n\t\t\t\t<\/div>\n\t\t","protected":false},"excerpt":{"rendered":"<p>Mounted, welded, castles &#8230; CONCRETE PLANT PROCESS TOWER AUXILIARY AND ACCESS PAINTED STRUCTURE GALVANIZED STRUCTURE<\/p>\n","protected":false},"author":1,"featured_media":0,"parent":0,"menu_order":0,"comment_status":"closed","ping_status":"closed","template":"","meta":{"site-sidebar-layout":"no-sidebar","site-content-layout":"","ast-site-content-layout":"full-width-container","site-content-style":"default","site-sidebar-style":"default","ast-global-header-display":"","ast-banner-title-visibility":"","ast-main-header-display":"","ast-hfb-above-header-display":"","ast-hfb-below-header-display":"","ast-hfb-mobile-header-display":"","site-post-title":"disabled","ast-breadcrumbs-content":"","ast-featured-img":"disabled","footer-sml-layout":"","ast-disable-related-posts":"","theme-transparent-header-meta":"","adv-header-id-meta":"","stick-header-meta":"","header-above-stick-meta":"","header-main-stick-meta":"","header-below-stick-meta":"","astra-migrate-meta-layouts":"default","ast-page-background-enabled":"default","ast-page-background-meta":{"desktop":{"background-color":"var(--ast-global-color-5)","background-image":"","background-repeat":"repeat","background-position":"center center","background-size":"auto","background-attachment":"scroll","background-type":"","background-media":"","overlay-type":"","overlay-color":"","overlay-opacity":"","overlay-gradient":""},"tablet":{"background-color":"","background-image":"","background-repeat":"repeat","background-position":"center center","background-size":"auto","background-attachment":"scroll","background-type":"","background-media":"","overlay-type":"","overlay-color":"","overlay-opacity":"","overlay-gradient":""},"mobile":{"background-color":"","background-image":"","background-repeat":"repeat","background-position":"center center","background-size":"auto","background-attachment":"scroll","background-type":"","background-media":"","overlay-type":"","overlay-color":"","overlay-opacity":"","overlay-gradient":""}},"ast-content-background-meta":{"desktop":{"background-color":"var(--ast-global-color-4)","background-image":"","background-repeat":"repeat","background-position":"center center","background-size":"auto","background-attachment":"scroll","background-type":"","background-media":"","overlay-type":"","overlay-color":"","overlay-opacity":"","overlay-gradient":""},"tablet":{"background-color":"var(--ast-global-color-4)","background-image":"","background-repeat":"repeat","background-position":"center center","background-size":"auto","background-attachment":"scroll","background-type":"","background-media":"","overlay-type":"","overlay-color":"","overlay-opacity":"","overlay-gradient":""},"mobile":{"background-color":"var(--ast-global-color-4)","background-image":"","background-repeat":"repeat","background-position":"center center","background-size":"auto","background-attachment":"scroll","background-type":"","background-media":"","overlay-type":"","overlay-color":"","overlay-opacity":"","overlay-gradient":""}},"footnotes":""},"class_list":["post-757","page","type-page","status-publish","hentry"],"yoast_head":"<!-- This site is optimized with the Yoast SEO plugin v27.1.1 - https:\/\/yoast.com\/product\/yoast-seo-wordpress\/ -->\n<title>Metallic Structure - Praise The Sun<\/title>\n<meta name=\"robots\" content=\"index, follow, max-snippet:-1, max-image-preview:large, max-video-preview:-1\" \/>\n<link rel=\"canonical\" href=\"https:\/\/irusa-sa.com\/?page_id=757&lang=en\" \/>\n<meta property=\"og:locale\" content=\"es_ES\" \/>\n<meta property=\"og:type\" content=\"article\" \/>\n<meta property=\"og:title\" content=\"Metallic Structure - Praise The Sun\" \/>\n<meta property=\"og:description\" content=\"Mounted, welded, castles &#8230; CONCRETE PLANT PROCESS TOWER AUXILIARY AND ACCESS PAINTED STRUCTURE GALVANIZED STRUCTURE\" \/>\n<meta property=\"og:url\" content=\"https:\/\/irusa-sa.com\/?page_id=757&amp;lang=en\" \/>\n<meta property=\"og:site_name\" content=\"Praise The Sun\" \/>\n<meta property=\"article:modified_time\" content=\"2026-03-09T05:02:10+00:00\" \/>\n<meta property=\"og:image\" content=\"https:\/\/irusa-sa.com\/wp-content\/uploads\/2026\/02\/PLANTA-DE-HORMIGON.webp\" \/>\n\t<meta property=\"og:image:width\" content=\"932\" \/>\n\t<meta property=\"og:image:height\" content=\"618\" \/>\n\t<meta property=\"og:image:type\" content=\"image\/webp\" \/>\n<meta name=\"twitter:card\" content=\"summary_large_image\" \/>\n<meta name=\"twitter:label1\" content=\"Tiempo de lectura\" \/>\n\t<meta name=\"twitter:data1\" content=\"2 minutos\" \/>\n<script type=\"application\/ld+json\" class=\"yoast-schema-graph\">{\"@context\":\"https:\/\/schema.org\",\"@graph\":[{\"@type\":\"WebPage\",\"@id\":\"https:\/\/irusa-sa.com\/?page_id=757&lang=en\",\"url\":\"https:\/\/irusa-sa.com\/?page_id=757&lang=en\",\"name\":\"Metallic Structure - Praise The Sun\",\"isPartOf\":{\"@id\":\"https:\/\/irusa-sa.com\/#website\"},\"primaryImageOfPage\":{\"@id\":\"https:\/\/irusa-sa.com\/?page_id=757&lang=en#primaryimage\"},\"image\":{\"@id\":\"https:\/\/irusa-sa.com\/?page_id=757&lang=en#primaryimage\"},\"thumbnailUrl\":\"https:\/\/irusa-sa.com\/wp-content\/uploads\/2026\/02\/PLANTA-DE-HORMIGON.webp\",\"datePublished\":\"2026-03-09T02:14:02+00:00\",\"dateModified\":\"2026-03-09T05:02:10+00:00\",\"breadcrumb\":{\"@id\":\"https:\/\/irusa-sa.com\/?page_id=757&lang=en#breadcrumb\"},\"inLanguage\":\"es\",\"potentialAction\":[{\"@type\":\"ReadAction\",\"target\":[\"https:\/\/irusa-sa.com\/?page_id=757&lang=en\"]}]},{\"@type\":\"ImageObject\",\"inLanguage\":\"es\",\"@id\":\"https:\/\/irusa-sa.com\/?page_id=757&lang=en#primaryimage\",\"url\":\"https:\/\/irusa-sa.com\/wp-content\/uploads\/2026\/02\/PLANTA-DE-HORMIGON.webp\",\"contentUrl\":\"https:\/\/irusa-sa.com\/wp-content\/uploads\/2026\/02\/PLANTA-DE-HORMIGON.webp\"},{\"@type\":\"BreadcrumbList\",\"@id\":\"https:\/\/irusa-sa.com\/?page_id=757&lang=en#breadcrumb\",\"itemListElement\":[{\"@type\":\"ListItem\",\"position\":1,\"name\":\"Portada\",\"item\":\"https:\/\/irusa-sa.com\/\"},{\"@type\":\"ListItem\",\"position\":2,\"name\":\"Metallic Structure\"}]},{\"@type\":\"WebSite\",\"@id\":\"https:\/\/irusa-sa.com\/#website\",\"url\":\"https:\/\/irusa-sa.com\/\",\"name\":\"Praise The Sun\",\"description\":\"Fabricaci\u00f3n de productos para calderer\u00eda media-pesada bajo plano (dep\u00f3sitos, estructuras...)\",\"publisher\":{\"@id\":\"https:\/\/irusa-sa.com\/#organization\"},\"potentialAction\":[{\"@type\":\"SearchAction\",\"target\":{\"@type\":\"EntryPoint\",\"urlTemplate\":\"https:\/\/irusa-sa.com\/?s={search_term_string}\"},\"query-input\":{\"@type\":\"PropertyValueSpecification\",\"valueRequired\":true,\"valueName\":\"search_term_string\"}}],\"inLanguage\":\"es\"},{\"@type\":\"Organization\",\"@id\":\"https:\/\/irusa-sa.com\/#organization\",\"name\":\"Praise The Sun\",\"url\":\"https:\/\/irusa-sa.com\/\",\"logo\":{\"@type\":\"ImageObject\",\"inLanguage\":\"es\",\"@id\":\"https:\/\/irusa-sa.com\/#\/schema\/logo\/image\/\",\"url\":\"https:\/\/irusa-sa.com\/wp-content\/uploads\/2026\/02\/cropped-irusa_logo-NOU-PNG.webp\",\"contentUrl\":\"https:\/\/irusa-sa.com\/wp-content\/uploads\/2026\/02\/cropped-irusa_logo-NOU-PNG.webp\",\"width\":500,\"height\":86,\"caption\":\"Praise The Sun\"},\"image\":{\"@id\":\"https:\/\/irusa-sa.com\/#\/schema\/logo\/image\/\"}}]}<\/script>\n<!-- \/ Yoast SEO plugin. -->","yoast_head_json":{"title":"Metallic Structure - Praise The Sun","robots":{"index":"index","follow":"follow","max-snippet":"max-snippet:-1","max-image-preview":"max-image-preview:large","max-video-preview":"max-video-preview:-1"},"canonical":"https:\/\/irusa-sa.com\/?page_id=757&lang=en","og_locale":"es_ES","og_type":"article","og_title":"Metallic Structure - Praise The Sun","og_description":"Mounted, welded, castles &#8230; CONCRETE PLANT PROCESS TOWER AUXILIARY AND ACCESS PAINTED STRUCTURE GALVANIZED STRUCTURE","og_url":"https:\/\/irusa-sa.com\/?page_id=757&lang=en","og_site_name":"Praise The Sun","article_modified_time":"2026-03-09T05:02:10+00:00","og_image":[{"width":932,"height":618,"url":"https:\/\/irusa-sa.com\/wp-content\/uploads\/2026\/02\/PLANTA-DE-HORMIGON.webp","type":"image\/webp"}],"twitter_card":"summary_large_image","twitter_misc":{"Tiempo de lectura":"2 minutos"},"schema":{"@context":"https:\/\/schema.org","@graph":[{"@type":"WebPage","@id":"https:\/\/irusa-sa.com\/?page_id=757&lang=en","url":"https:\/\/irusa-sa.com\/?page_id=757&lang=en","name":"Metallic Structure - Praise The Sun","isPartOf":{"@id":"https:\/\/irusa-sa.com\/#website"},"primaryImageOfPage":{"@id":"https:\/\/irusa-sa.com\/?page_id=757&lang=en#primaryimage"},"image":{"@id":"https:\/\/irusa-sa.com\/?page_id=757&lang=en#primaryimage"},"thumbnailUrl":"https:\/\/irusa-sa.com\/wp-content\/uploads\/2026\/02\/PLANTA-DE-HORMIGON.webp","datePublished":"2026-03-09T02:14:02+00:00","dateModified":"2026-03-09T05:02:10+00:00","breadcrumb":{"@id":"https:\/\/irusa-sa.com\/?page_id=757&lang=en#breadcrumb"},"inLanguage":"es","potentialAction":[{"@type":"ReadAction","target":["https:\/\/irusa-sa.com\/?page_id=757&lang=en"]}]},{"@type":"ImageObject","inLanguage":"es","@id":"https:\/\/irusa-sa.com\/?page_id=757&lang=en#primaryimage","url":"https:\/\/irusa-sa.com\/wp-content\/uploads\/2026\/02\/PLANTA-DE-HORMIGON.webp","contentUrl":"https:\/\/irusa-sa.com\/wp-content\/uploads\/2026\/02\/PLANTA-DE-HORMIGON.webp"},{"@type":"BreadcrumbList","@id":"https:\/\/irusa-sa.com\/?page_id=757&lang=en#breadcrumb","itemListElement":[{"@type":"ListItem","position":1,"name":"Portada","item":"https:\/\/irusa-sa.com\/"},{"@type":"ListItem","position":2,"name":"Metallic Structure"}]},{"@type":"WebSite","@id":"https:\/\/irusa-sa.com\/#website","url":"https:\/\/irusa-sa.com\/","name":"Praise The Sun","description":"Fabricaci\u00f3n de productos para calderer\u00eda media-pesada bajo plano (dep\u00f3sitos, estructuras...)","publisher":{"@id":"https:\/\/irusa-sa.com\/#organization"},"potentialAction":[{"@type":"SearchAction","target":{"@type":"EntryPoint","urlTemplate":"https:\/\/irusa-sa.com\/?s={search_term_string}"},"query-input":{"@type":"PropertyValueSpecification","valueRequired":true,"valueName":"search_term_string"}}],"inLanguage":"es"},{"@type":"Organization","@id":"https:\/\/irusa-sa.com\/#organization","name":"Praise The Sun","url":"https:\/\/irusa-sa.com\/","logo":{"@type":"ImageObject","inLanguage":"es","@id":"https:\/\/irusa-sa.com\/#\/schema\/logo\/image\/","url":"https:\/\/irusa-sa.com\/wp-content\/uploads\/2026\/02\/cropped-irusa_logo-NOU-PNG.webp","contentUrl":"https:\/\/irusa-sa.com\/wp-content\/uploads\/2026\/02\/cropped-irusa_logo-NOU-PNG.webp","width":500,"height":86,"caption":"Praise The Sun"},"image":{"@id":"https:\/\/irusa-sa.com\/#\/schema\/logo\/image\/"}}]}},"_links":{"self":[{"href":"https:\/\/irusa-sa.com\/index.php?rest_route=\/wp\/v2\/pages\/757","targetHints":{"allow":["GET"]}}],"collection":[{"href":"https:\/\/irusa-sa.com\/index.php?rest_route=\/wp\/v2\/pages"}],"about":[{"href":"https:\/\/irusa-sa.com\/index.php?rest_route=\/wp\/v2\/types\/page"}],"author":[{"embeddable":true,"href":"https:\/\/irusa-sa.com\/index.php?rest_route=\/wp\/v2\/users\/1"}],"replies":[{"embeddable":true,"href":"https:\/\/irusa-sa.com\/index.php?rest_route=%2Fwp%2Fv2%2Fcomments&post=757"}],"version-history":[{"count":0,"href":"https:\/\/irusa-sa.com\/index.php?rest_route=\/wp\/v2\/pages\/757\/revisions"}],"wp:attachment":[{"href":"https:\/\/irusa-sa.com\/index.php?rest_route=%2Fwp%2Fv2%2Fmedia&parent=757"}],"curies":[{"name":"wp","href":"https:\/\/api.w.org\/{rel}","templated":true}]}}