{"id":763,"date":"2026-03-09T02:20:54","date_gmt":"2026-03-09T02:20:54","guid":{"rendered":"https:\/\/staging.irusa-sa.com\/?page_id=763"},"modified":"2026-03-09T02:20:55","modified_gmt":"2026-03-09T02:20:55","slug":"naval-2","status":"publish","type":"page","link":"https:\/\/irusa-sa.com\/?page_id=763&lang=en","title":{"rendered":"Naval"},"content":{"rendered":"\t\t<div data-elementor-type=\"wp-page\" data-elementor-id=\"763\" class=\"elementor elementor-763\" data-elementor-post-type=\"page\">\n\t\t\t\t<div class=\"elementor-element elementor-element-2941d64 e-con-full e-flex e-con e-parent\" data-id=\"2941d64\" data-element_type=\"container\" data-e-type=\"container\" data-settings=\"{&quot;background_background&quot;:&quot;classic&quot;}\">\n\t\t\t\t<div class=\"elementor-element elementor-element-537f6fa elementor-widget elementor-widget-heading\" data-id=\"537f6fa\" data-element_type=\"widget\" data-e-type=\"widget\" data-widget_type=\"heading.default\">\n\t\t\t\t\t<h1 class=\"elementor-heading-title elementor-size-default\">Naval<\/h1>\t\t\t\t<\/div>\n\t\t\t\t<\/div>\n\t\t<div class=\"elementor-element elementor-element-b108203 e-flex e-con-boxed e-con e-parent\" data-id=\"b108203\" data-element_type=\"container\" data-e-type=\"container\">\n\t\t\t\t\t<div class=\"e-con-inner\">\n\t\t<div class=\"elementor-element elementor-element-06bdb8a e-con-full e-flex e-con e-child\" data-id=\"06bdb8a\" data-element_type=\"container\" data-e-type=\"container\">\n\t\t\t\t<div class=\"elementor-element elementor-element-6b357d3 elementor-widget elementor-widget-image\" data-id=\"6b357d3\" data-element_type=\"widget\" data-e-type=\"widget\" data-settings=\"{&quot;_animation&quot;:&quot;none&quot;}\" data-widget_type=\"image.default\">\n\t\t\t\t\t\t\t\t\t\t\t\t\t\t\t\t<a href=\"https:\/\/irusa-sa.com\/wp-content\/uploads\/2026\/02\/NAVAL-3.webp\" data-elementor-open-lightbox=\"yes\" data-elementor-lightbox-title=\"NAVAL 3\" data-e-action-hash=\"#elementor-action%3Aaction%3Dlightbox%26settings%3DeyJpZCI6NTUzLCJ1cmwiOiJodHRwczpcL1wvaXJ1c2Etc2EuY29tXC93cC1jb250ZW50XC91cGxvYWRzXC8yMDI2XC8wMlwvTkFWQUwtMy53ZWJwIn0%3D\">\n\t\t\t\t\t\t\t<img fetchpriority=\"high\" decoding=\"async\" width=\"932\" height=\"618\" src=\"https:\/\/irusa-sa.com\/wp-content\/uploads\/2026\/02\/NAVAL-3.webp\" class=\"elementor-animation-bounce-in attachment-large size-large wp-image-553\" alt=\"\" srcset=\"https:\/\/irusa-sa.com\/wp-content\/uploads\/2026\/02\/NAVAL-3.webp 932w, https:\/\/irusa-sa.com\/wp-content\/uploads\/2026\/02\/NAVAL-3-300x199.webp 300w, https:\/\/irusa-sa.com\/wp-content\/uploads\/2026\/02\/NAVAL-3-768x509.webp 768w\" sizes=\"(max-width: 932px) 100vw, 932px\" \/>\t\t\t\t\t\t\t\t<\/a>\n\t\t\t\t\t\t\t\t\t\t\t\t\t\t\t<\/div>\n\t\t\t\t<div class=\"elementor-element elementor-element-6065e81 elementor-widget elementor-widget-heading\" data-id=\"6065e81\" data-element_type=\"widget\" data-e-type=\"widget\" data-widget_type=\"heading.default\">\n\t\t\t\t\t<h4 class=\"elementor-heading-title elementor-size-default\">NAVAL<\/h4>\t\t\t\t<\/div>\n\t\t\t\t<\/div>\n\t\t<div class=\"elementor-element elementor-element-48eb7dd e-con-full e-flex e-con e-child\" data-id=\"48eb7dd\" data-element_type=\"container\" data-e-type=\"container\">\n\t\t\t\t<div class=\"elementor-element elementor-element-a3b5c58 elementor-widget elementor-widget-image\" data-id=\"a3b5c58\" data-element_type=\"widget\" data-e-type=\"widget\" data-settings=\"{&quot;_animation&quot;:&quot;none&quot;}\" data-widget_type=\"image.default\">\n\t\t\t\t\t\t\t\t\t\t\t\t\t\t\t\t<a href=\"https:\/\/irusa-sa.com\/wp-content\/uploads\/2026\/02\/NAVAL-4.webp\" data-elementor-open-lightbox=\"yes\" data-elementor-lightbox-title=\"NAVAL 4\" data-e-action-hash=\"#elementor-action%3Aaction%3Dlightbox%26settings%3DeyJpZCI6NTU0LCJ1cmwiOiJodHRwczpcL1wvaXJ1c2Etc2EuY29tXC93cC1jb250ZW50XC91cGxvYWRzXC8yMDI2XC8wMlwvTkFWQUwtNC53ZWJwIn0%3D\">\n\t\t\t\t\t\t\t<img decoding=\"async\" width=\"932\" height=\"618\" src=\"https:\/\/irusa-sa.com\/wp-content\/uploads\/2026\/02\/NAVAL-4.webp\" class=\"elementor-animation-bounce-in attachment-large size-large wp-image-554\" alt=\"\" srcset=\"https:\/\/irusa-sa.com\/wp-content\/uploads\/2026\/02\/NAVAL-4.webp 932w, https:\/\/irusa-sa.com\/wp-content\/uploads\/2026\/02\/NAVAL-4-300x199.webp 300w, https:\/\/irusa-sa.com\/wp-content\/uploads\/2026\/02\/NAVAL-4-768x509.webp 768w\" sizes=\"(max-width: 932px) 100vw, 932px\" \/>\t\t\t\t\t\t\t\t<\/a>\n\t\t\t\t\t\t\t\t\t\t\t\t\t\t\t<\/div>\n\t\t\t\t<div class=\"elementor-element elementor-element-e6d5c91 elementor-widget elementor-widget-heading\" data-id=\"e6d5c91\" data-element_type=\"widget\" data-e-type=\"widget\" data-widget_type=\"heading.default\">\n\t\t\t\t\t<h4 class=\"elementor-heading-title elementor-size-default\">NAVAL<\/h4>\t\t\t\t<\/div>\n\t\t\t\t<\/div>\n\t\t<div class=\"elementor-element elementor-element-3058d1e e-con-full e-flex e-con e-child\" data-id=\"3058d1e\" data-element_type=\"container\" data-e-type=\"container\">\n\t\t\t\t<div class=\"elementor-element elementor-element-a3c561c elementor-widget elementor-widget-image\" data-id=\"a3c561c\" data-element_type=\"widget\" data-e-type=\"widget\" data-settings=\"{&quot;_animation&quot;:&quot;none&quot;}\" data-widget_type=\"image.default\">\n\t\t\t\t\t\t\t\t\t\t\t\t\t\t\t\t<a href=\"https:\/\/irusa-sa.com\/wp-content\/uploads\/2026\/02\/NAVAL-5.webp\" data-elementor-open-lightbox=\"yes\" data-elementor-lightbox-title=\"NAVAL 5\" data-e-action-hash=\"#elementor-action%3Aaction%3Dlightbox%26settings%3DeyJpZCI6NTU4LCJ1cmwiOiJodHRwczpcL1wvaXJ1c2Etc2EuY29tXC93cC1jb250ZW50XC91cGxvYWRzXC8yMDI2XC8wMlwvTkFWQUwtNS53ZWJwIn0%3D\">\n\t\t\t\t\t\t\t<img decoding=\"async\" width=\"932\" height=\"618\" src=\"https:\/\/irusa-sa.com\/wp-content\/uploads\/2026\/02\/NAVAL-5.webp\" class=\"elementor-animation-bounce-in attachment-large size-large wp-image-558\" alt=\"\" srcset=\"https:\/\/irusa-sa.com\/wp-content\/uploads\/2026\/02\/NAVAL-5.webp 932w, https:\/\/irusa-sa.com\/wp-content\/uploads\/2026\/02\/NAVAL-5-300x199.webp 300w, https:\/\/irusa-sa.com\/wp-content\/uploads\/2026\/02\/NAVAL-5-768x509.webp 768w\" sizes=\"(max-width: 932px) 100vw, 932px\" \/>\t\t\t\t\t\t\t\t<\/a>\n\t\t\t\t\t\t\t\t\t\t\t\t\t\t\t<\/div>\n\t\t\t\t<div class=\"elementor-element elementor-element-e02ee79 elementor-widget elementor-widget-heading\" data-id=\"e02ee79\" data-element_type=\"widget\" data-e-type=\"widget\" data-widget_type=\"heading.default\">\n\t\t\t\t\t<h4 class=\"elementor-heading-title elementor-size-default\">NAVAL<\/h4>\t\t\t\t<\/div>\n\t\t\t\t<\/div>\n\t\t<div class=\"elementor-element elementor-element-88be186 e-con-full e-flex e-con e-child\" data-id=\"88be186\" data-element_type=\"container\" data-e-type=\"container\">\n\t\t\t\t<div class=\"elementor-element elementor-element-3ae43eb elementor-widget elementor-widget-image\" data-id=\"3ae43eb\" data-element_type=\"widget\" data-e-type=\"widget\" data-settings=\"{&quot;_animation&quot;:&quot;none&quot;}\" data-widget_type=\"image.default\">\n\t\t\t\t\t\t\t\t\t\t\t\t\t\t\t\t<a href=\"https:\/\/irusa-sa.com\/wp-content\/uploads\/2026\/02\/NAVAL-6.webp\" data-elementor-open-lightbox=\"yes\" data-elementor-lightbox-title=\"NAVAL 6\" data-e-action-hash=\"#elementor-action%3Aaction%3Dlightbox%26settings%3DeyJpZCI6NTYwLCJ1cmwiOiJodHRwczpcL1wvaXJ1c2Etc2EuY29tXC93cC1jb250ZW50XC91cGxvYWRzXC8yMDI2XC8wMlwvTkFWQUwtNi53ZWJwIn0%3D\">\n\t\t\t\t\t\t\t<img loading=\"lazy\" decoding=\"async\" width=\"932\" height=\"618\" src=\"https:\/\/irusa-sa.com\/wp-content\/uploads\/2026\/02\/NAVAL-6.webp\" class=\"elementor-animation-bounce-in attachment-large size-large wp-image-560\" alt=\"\" srcset=\"https:\/\/irusa-sa.com\/wp-content\/uploads\/2026\/02\/NAVAL-6.webp 932w, https:\/\/irusa-sa.com\/wp-content\/uploads\/2026\/02\/NAVAL-6-300x199.webp 300w, https:\/\/irusa-sa.com\/wp-content\/uploads\/2026\/02\/NAVAL-6-768x509.webp 768w\" sizes=\"(max-width: 932px) 100vw, 932px\" \/>\t\t\t\t\t\t\t\t<\/a>\n\t\t\t\t\t\t\t\t\t\t\t\t\t\t\t<\/div>\n\t\t\t\t<div class=\"elementor-element elementor-element-ef54e29 elementor-widget elementor-widget-heading\" data-id=\"ef54e29\" data-element_type=\"widget\" data-e-type=\"widget\" data-widget_type=\"heading.default\">\n\t\t\t\t\t<h4 class=\"elementor-heading-title elementor-size-default\">NAVAL<\/h4>\t\t\t\t<\/div>\n\t\t\t\t<\/div>\n\t\t<div class=\"elementor-element elementor-element-d9afe5f e-con-full e-flex e-con e-child\" data-id=\"d9afe5f\" data-element_type=\"container\" data-e-type=\"container\">\n\t\t\t\t<div class=\"elementor-element elementor-element-9d4800b elementor-widget elementor-widget-image\" data-id=\"9d4800b\" data-element_type=\"widget\" data-e-type=\"widget\" data-settings=\"{&quot;_animation&quot;:&quot;none&quot;}\" data-widget_type=\"image.default\">\n\t\t\t\t\t\t\t\t\t\t\t\t\t\t\t\t<a href=\"https:\/\/irusa-sa.com\/wp-content\/uploads\/2026\/02\/NAVAL-7.webp\" data-elementor-open-lightbox=\"yes\" data-elementor-lightbox-title=\"NAVAL 7\" data-e-action-hash=\"#elementor-action%3Aaction%3Dlightbox%26settings%3DeyJpZCI6NTYxLCJ1cmwiOiJodHRwczpcL1wvaXJ1c2Etc2EuY29tXC93cC1jb250ZW50XC91cGxvYWRzXC8yMDI2XC8wMlwvTkFWQUwtNy53ZWJwIn0%3D\">\n\t\t\t\t\t\t\t<img loading=\"lazy\" decoding=\"async\" width=\"932\" height=\"618\" src=\"https:\/\/irusa-sa.com\/wp-content\/uploads\/2026\/02\/NAVAL-7.webp\" class=\"elementor-animation-bounce-in attachment-large size-large wp-image-561\" alt=\"\" srcset=\"https:\/\/irusa-sa.com\/wp-content\/uploads\/2026\/02\/NAVAL-7.webp 932w, https:\/\/irusa-sa.com\/wp-content\/uploads\/2026\/02\/NAVAL-7-300x199.webp 300w, https:\/\/irusa-sa.com\/wp-content\/uploads\/2026\/02\/NAVAL-7-768x509.webp 768w\" sizes=\"(max-width: 932px) 100vw, 932px\" \/>\t\t\t\t\t\t\t\t<\/a>\n\t\t\t\t\t\t\t\t\t\t\t\t\t\t\t<\/div>\n\t\t\t\t<div class=\"elementor-element elementor-element-431df70 elementor-widget elementor-widget-heading\" data-id=\"431df70\" data-element_type=\"widget\" data-e-type=\"widget\" data-widget_type=\"heading.default\">\n\t\t\t\t\t<h4 class=\"elementor-heading-title elementor-size-default\">NAVAL<\/h4>\t\t\t\t<\/div>\n\t\t\t\t<\/div>\n\t\t<div class=\"elementor-element elementor-element-1d06aae e-con-full e-flex e-con e-child\" data-id=\"1d06aae\" data-element_type=\"container\" data-e-type=\"container\">\n\t\t\t\t<\/div>\n\t\t\t\t\t<\/div>\n\t\t\t\t<\/div>\n\t\t<div class=\"elementor-element elementor-element-660fb24 e-flex e-con-boxed e-con e-parent\" data-id=\"660fb24\" data-element_type=\"container\" data-e-type=\"container\">\n\t\t\t\t\t<div class=\"e-con-inner\">\n\t\t\t\t<div class=\"elementor-element elementor-element-368cfd4 elementor-widget elementor-widget-spacer\" data-id=\"368cfd4\" data-element_type=\"widget\" data-e-type=\"widget\" data-widget_type=\"spacer.default\">\n\t\t\t\t\t\t\t<div class=\"elementor-spacer\">\n\t\t\t<div class=\"elementor-spacer-inner\"><\/div>\n\t\t<\/div>\n\t\t\t\t\t\t<\/div>\n\t\t\t\t\t<\/div>\n\t\t\t\t<\/div>\n\t\t\t\t<\/div>\n\t\t","protected":false},"excerpt":{"rendered":"<p>NAVAL NAVAL NAVAL NAVAL NAVAL<\/p>\n","protected":false},"author":1,"featured_media":0,"parent":0,"menu_order":0,"comment_status":"closed","ping_status":"closed","template":"","meta":{"site-sidebar-layout":"no-sidebar","site-content-layout":"","ast-site-content-layout":"full-width-container","site-content-style":"default","site-sidebar-style":"default","ast-global-header-display":"","ast-banner-title-visibility":"","ast-main-header-display":"","ast-hfb-above-header-display":"","ast-hfb-below-header-display":"","ast-hfb-mobile-header-display":"","site-post-title":"disabled","ast-breadcrumbs-content":"","ast-featured-img":"disabled","footer-sml-layout":"","ast-disable-related-posts":"","theme-transparent-header-meta":"","adv-header-id-meta":"","stick-header-meta":"","header-above-stick-meta":"","header-main-stick-meta":"","header-below-stick-meta":"","astra-migrate-meta-layouts":"default","ast-page-background-enabled":"default","ast-page-background-meta":{"desktop":{"background-color":"var(--ast-global-color-5)","background-image":"","background-repeat":"repeat","background-position":"center center","background-size":"auto","background-attachment":"scroll","background-type":"","background-media":"","overlay-type":"","overlay-color":"","overlay-opacity":"","overlay-gradient":""},"tablet":{"background-color":"","background-image":"","background-repeat":"repeat","background-position":"center center","background-size":"auto","background-attachment":"scroll","background-type":"","background-media":"","overlay-type":"","overlay-color":"","overlay-opacity":"","overlay-gradient":""},"mobile":{"background-color":"","background-image":"","background-repeat":"repeat","background-position":"center center","background-size":"auto","background-attachment":"scroll","background-type":"","background-media":"","overlay-type":"","overlay-color":"","overlay-opacity":"","overlay-gradient":""}},"ast-content-background-meta":{"desktop":{"background-color":"var(--ast-global-color-4)","background-image":"","background-repeat":"repeat","background-position":"center center","background-size":"auto","background-attachment":"scroll","background-type":"","background-media":"","overlay-type":"","overlay-color":"","overlay-opacity":"","overlay-gradient":""},"tablet":{"background-color":"var(--ast-global-color-4)","background-image":"","background-repeat":"repeat","background-position":"center center","background-size":"auto","background-attachment":"scroll","background-type":"","background-media":"","overlay-type":"","overlay-color":"","overlay-opacity":"","overlay-gradient":""},"mobile":{"background-color":"var(--ast-global-color-4)","background-image":"","background-repeat":"repeat","background-position":"center center","background-size":"auto","background-attachment":"scroll","background-type":"","background-media":"","overlay-type":"","overlay-color":"","overlay-opacity":"","overlay-gradient":""}},"footnotes":""},"class_list":["post-763","page","type-page","status-publish","hentry"],"yoast_head":"<!-- This site is optimized with the Yoast SEO plugin v27.1.1 - https:\/\/yoast.com\/product\/yoast-seo-wordpress\/ -->\n<title>Naval - Praise The Sun<\/title>\n<meta name=\"robots\" content=\"index, follow, max-snippet:-1, max-image-preview:large, max-video-preview:-1\" \/>\n<link rel=\"canonical\" href=\"https:\/\/irusa-sa.com\/?page_id=763&lang=en\" \/>\n<meta property=\"og:locale\" content=\"es_ES\" \/>\n<meta property=\"og:type\" content=\"article\" \/>\n<meta property=\"og:title\" content=\"Naval - Praise The Sun\" \/>\n<meta property=\"og:description\" content=\"NAVAL NAVAL NAVAL NAVAL NAVAL\" \/>\n<meta property=\"og:url\" content=\"https:\/\/irusa-sa.com\/?page_id=763&amp;lang=en\" \/>\n<meta property=\"og:site_name\" content=\"Praise The Sun\" \/>\n<meta property=\"article:modified_time\" content=\"2026-03-09T02:20:55+00:00\" \/>\n<meta property=\"og:image\" content=\"https:\/\/irusa-sa.com\/wp-content\/uploads\/2026\/02\/NAVAL-3.webp\" \/>\n<meta name=\"twitter:card\" content=\"summary_large_image\" \/>\n<script type=\"application\/ld+json\" class=\"yoast-schema-graph\">{\"@context\":\"https:\/\/schema.org\",\"@graph\":[{\"@type\":\"WebPage\",\"@id\":\"https:\/\/irusa-sa.com\/?page_id=763&lang=en\",\"url\":\"https:\/\/irusa-sa.com\/?page_id=763&lang=en\",\"name\":\"Naval - Praise The Sun\",\"isPartOf\":{\"@id\":\"https:\/\/irusa-sa.com\/#website\"},\"primaryImageOfPage\":{\"@id\":\"https:\/\/irusa-sa.com\/?page_id=763&lang=en#primaryimage\"},\"image\":{\"@id\":\"https:\/\/irusa-sa.com\/?page_id=763&lang=en#primaryimage\"},\"thumbnailUrl\":\"https:\/\/irusa-sa.com\/wp-content\/uploads\/2026\/02\/NAVAL-3.webp\",\"datePublished\":\"2026-03-09T02:20:54+00:00\",\"dateModified\":\"2026-03-09T02:20:55+00:00\",\"breadcrumb\":{\"@id\":\"https:\/\/irusa-sa.com\/?page_id=763&lang=en#breadcrumb\"},\"inLanguage\":\"es\",\"potentialAction\":[{\"@type\":\"ReadAction\",\"target\":[\"https:\/\/irusa-sa.com\/?page_id=763&lang=en\"]}]},{\"@type\":\"ImageObject\",\"inLanguage\":\"es\",\"@id\":\"https:\/\/irusa-sa.com\/?page_id=763&lang=en#primaryimage\",\"url\":\"https:\/\/irusa-sa.com\/wp-content\/uploads\/2026\/02\/NAVAL-3.webp\",\"contentUrl\":\"https:\/\/irusa-sa.com\/wp-content\/uploads\/2026\/02\/NAVAL-3.webp\"},{\"@type\":\"BreadcrumbList\",\"@id\":\"https:\/\/irusa-sa.com\/?page_id=763&lang=en#breadcrumb\",\"itemListElement\":[{\"@type\":\"ListItem\",\"position\":1,\"name\":\"Portada\",\"item\":\"https:\/\/irusa-sa.com\/\"},{\"@type\":\"ListItem\",\"position\":2,\"name\":\"Naval\"}]},{\"@type\":\"WebSite\",\"@id\":\"https:\/\/irusa-sa.com\/#website\",\"url\":\"https:\/\/irusa-sa.com\/\",\"name\":\"Praise The Sun\",\"description\":\"Fabricaci\u00f3n de productos para calderer\u00eda media-pesada bajo plano (dep\u00f3sitos, estructuras...)\",\"publisher\":{\"@id\":\"https:\/\/irusa-sa.com\/#organization\"},\"potentialAction\":[{\"@type\":\"SearchAction\",\"target\":{\"@type\":\"EntryPoint\",\"urlTemplate\":\"https:\/\/irusa-sa.com\/?s={search_term_string}\"},\"query-input\":{\"@type\":\"PropertyValueSpecification\",\"valueRequired\":true,\"valueName\":\"search_term_string\"}}],\"inLanguage\":\"es\"},{\"@type\":\"Organization\",\"@id\":\"https:\/\/irusa-sa.com\/#organization\",\"name\":\"Praise The Sun\",\"url\":\"https:\/\/irusa-sa.com\/\",\"logo\":{\"@type\":\"ImageObject\",\"inLanguage\":\"es\",\"@id\":\"https:\/\/irusa-sa.com\/#\/schema\/logo\/image\/\",\"url\":\"https:\/\/irusa-sa.com\/wp-content\/uploads\/2026\/02\/cropped-irusa_logo-NOU-PNG.webp\",\"contentUrl\":\"https:\/\/irusa-sa.com\/wp-content\/uploads\/2026\/02\/cropped-irusa_logo-NOU-PNG.webp\",\"width\":500,\"height\":86,\"caption\":\"Praise The Sun\"},\"image\":{\"@id\":\"https:\/\/irusa-sa.com\/#\/schema\/logo\/image\/\"}}]}<\/script>\n<!-- \/ Yoast SEO plugin. -->","yoast_head_json":{"title":"Naval - Praise The Sun","robots":{"index":"index","follow":"follow","max-snippet":"max-snippet:-1","max-image-preview":"max-image-preview:large","max-video-preview":"max-video-preview:-1"},"canonical":"https:\/\/irusa-sa.com\/?page_id=763&lang=en","og_locale":"es_ES","og_type":"article","og_title":"Naval - Praise The Sun","og_description":"NAVAL NAVAL NAVAL NAVAL NAVAL","og_url":"https:\/\/irusa-sa.com\/?page_id=763&lang=en","og_site_name":"Praise The Sun","article_modified_time":"2026-03-09T02:20:55+00:00","og_image":[{"url":"https:\/\/irusa-sa.com\/wp-content\/uploads\/2026\/02\/NAVAL-3.webp","type":"","width":"","height":""}],"twitter_card":"summary_large_image","schema":{"@context":"https:\/\/schema.org","@graph":[{"@type":"WebPage","@id":"https:\/\/irusa-sa.com\/?page_id=763&lang=en","url":"https:\/\/irusa-sa.com\/?page_id=763&lang=en","name":"Naval - Praise The Sun","isPartOf":{"@id":"https:\/\/irusa-sa.com\/#website"},"primaryImageOfPage":{"@id":"https:\/\/irusa-sa.com\/?page_id=763&lang=en#primaryimage"},"image":{"@id":"https:\/\/irusa-sa.com\/?page_id=763&lang=en#primaryimage"},"thumbnailUrl":"https:\/\/irusa-sa.com\/wp-content\/uploads\/2026\/02\/NAVAL-3.webp","datePublished":"2026-03-09T02:20:54+00:00","dateModified":"2026-03-09T02:20:55+00:00","breadcrumb":{"@id":"https:\/\/irusa-sa.com\/?page_id=763&lang=en#breadcrumb"},"inLanguage":"es","potentialAction":[{"@type":"ReadAction","target":["https:\/\/irusa-sa.com\/?page_id=763&lang=en"]}]},{"@type":"ImageObject","inLanguage":"es","@id":"https:\/\/irusa-sa.com\/?page_id=763&lang=en#primaryimage","url":"https:\/\/irusa-sa.com\/wp-content\/uploads\/2026\/02\/NAVAL-3.webp","contentUrl":"https:\/\/irusa-sa.com\/wp-content\/uploads\/2026\/02\/NAVAL-3.webp"},{"@type":"BreadcrumbList","@id":"https:\/\/irusa-sa.com\/?page_id=763&lang=en#breadcrumb","itemListElement":[{"@type":"ListItem","position":1,"name":"Portada","item":"https:\/\/irusa-sa.com\/"},{"@type":"ListItem","position":2,"name":"Naval"}]},{"@type":"WebSite","@id":"https:\/\/irusa-sa.com\/#website","url":"https:\/\/irusa-sa.com\/","name":"Praise The Sun","description":"Fabricaci\u00f3n de productos para calderer\u00eda media-pesada bajo plano (dep\u00f3sitos, estructuras...)","publisher":{"@id":"https:\/\/irusa-sa.com\/#organization"},"potentialAction":[{"@type":"SearchAction","target":{"@type":"EntryPoint","urlTemplate":"https:\/\/irusa-sa.com\/?s={search_term_string}"},"query-input":{"@type":"PropertyValueSpecification","valueRequired":true,"valueName":"search_term_string"}}],"inLanguage":"es"},{"@type":"Organization","@id":"https:\/\/irusa-sa.com\/#organization","name":"Praise The Sun","url":"https:\/\/irusa-sa.com\/","logo":{"@type":"ImageObject","inLanguage":"es","@id":"https:\/\/irusa-sa.com\/#\/schema\/logo\/image\/","url":"https:\/\/irusa-sa.com\/wp-content\/uploads\/2026\/02\/cropped-irusa_logo-NOU-PNG.webp","contentUrl":"https:\/\/irusa-sa.com\/wp-content\/uploads\/2026\/02\/cropped-irusa_logo-NOU-PNG.webp","width":500,"height":86,"caption":"Praise The Sun"},"image":{"@id":"https:\/\/irusa-sa.com\/#\/schema\/logo\/image\/"}}]}},"_links":{"self":[{"href":"https:\/\/irusa-sa.com\/index.php?rest_route=\/wp\/v2\/pages\/763","targetHints":{"allow":["GET"]}}],"collection":[{"href":"https:\/\/irusa-sa.com\/index.php?rest_route=\/wp\/v2\/pages"}],"about":[{"href":"https:\/\/irusa-sa.com\/index.php?rest_route=\/wp\/v2\/types\/page"}],"author":[{"embeddable":true,"href":"https:\/\/irusa-sa.com\/index.php?rest_route=\/wp\/v2\/users\/1"}],"replies":[{"embeddable":true,"href":"https:\/\/irusa-sa.com\/index.php?rest_route=%2Fwp%2Fv2%2Fcomments&post=763"}],"version-history":[{"count":0,"href":"https:\/\/irusa-sa.com\/index.php?rest_route=\/wp\/v2\/pages\/763\/revisions"}],"wp:attachment":[{"href":"https:\/\/irusa-sa.com\/index.php?rest_route=%2Fwp%2Fv2%2Fmedia&parent=763"}],"curies":[{"name":"wp","href":"https:\/\/api.w.org\/{rel}","templated":true}]}}