{"id":77,"date":"2026-02-24T20:18:43","date_gmt":"2026-02-24T20:18:43","guid":{"rendered":"https:\/\/staging.irusa-sa.com\/?page_id=77"},"modified":"2026-03-09T02:59:39","modified_gmt":"2026-03-09T02:59:39","slug":"petroquimico","status":"publish","type":"page","link":"https:\/\/irusa-sa.com\/?page_id=77","title":{"rendered":"Petroqu\u00edmico"},"content":{"rendered":"\t\t<div data-elementor-type=\"wp-page\" data-elementor-id=\"77\" class=\"elementor elementor-77\" data-elementor-post-type=\"page\">\n\t\t\t\t<div class=\"elementor-element elementor-element-762d38b e-con-full e-flex e-con e-parent\" data-id=\"762d38b\" data-element_type=\"container\" data-e-type=\"container\" data-settings=\"{&quot;background_background&quot;:&quot;classic&quot;}\">\n\t\t\t\t<div class=\"elementor-element elementor-element-828db52 elementor-widget elementor-widget-heading\" data-id=\"828db52\" data-element_type=\"widget\" data-e-type=\"widget\" data-widget_type=\"heading.default\">\n\t\t\t\t\t<h1 class=\"elementor-heading-title elementor-size-default\">Petroqu\u00edmico<\/h1>\t\t\t\t<\/div>\n\t\t\t\t<\/div>\n\t\t<div class=\"elementor-element elementor-element-527a87b e-flex e-con-boxed e-con e-parent\" data-id=\"527a87b\" data-element_type=\"container\" data-e-type=\"container\">\n\t\t\t\t\t<div class=\"e-con-inner\">\n\t\t<div class=\"elementor-element elementor-element-3312fbb e-con-full e-flex e-con e-child\" data-id=\"3312fbb\" data-element_type=\"container\" data-e-type=\"container\">\n\t\t\t\t<div class=\"elementor-element elementor-element-a106777 elementor-widget elementor-widget-image\" data-id=\"a106777\" data-element_type=\"widget\" data-e-type=\"widget\" data-settings=\"{&quot;_animation&quot;:&quot;none&quot;}\" data-widget_type=\"image.default\">\n\t\t\t\t\t\t\t\t\t\t\t\t\t\t\t\t<a href=\"https:\/\/irusa-sa.com\/wp-content\/uploads\/2026\/02\/PETROQUIMICO-3.webp\" data-elementor-open-lightbox=\"yes\" data-elementor-lightbox-title=\"PETROQU\u00cdMICO 3\" data-e-action-hash=\"#elementor-action%3Aaction%3Dlightbox%26settings%3DeyJpZCI6NTcyLCJ1cmwiOiJodHRwczpcL1wvaXJ1c2Etc2EuY29tXC93cC1jb250ZW50XC91cGxvYWRzXC8yMDI2XC8wMlwvUEVUUk9RVUlNSUNPLTMud2VicCJ9\">\n\t\t\t\t\t\t\t<img fetchpriority=\"high\" decoding=\"async\" width=\"932\" height=\"618\" src=\"https:\/\/irusa-sa.com\/wp-content\/uploads\/2026\/02\/PETROQUIMICO-3.webp\" class=\"elementor-animation-bounce-in attachment-large size-large wp-image-572\" alt=\"\" srcset=\"https:\/\/irusa-sa.com\/wp-content\/uploads\/2026\/02\/PETROQUIMICO-3.webp 932w, https:\/\/irusa-sa.com\/wp-content\/uploads\/2026\/02\/PETROQUIMICO-3-300x199.webp 300w, https:\/\/irusa-sa.com\/wp-content\/uploads\/2026\/02\/PETROQUIMICO-3-768x509.webp 768w\" sizes=\"(max-width: 932px) 100vw, 932px\" \/>\t\t\t\t\t\t\t\t<\/a>\n\t\t\t\t\t\t\t\t\t\t\t\t\t\t\t<\/div>\n\t\t\t\t<div class=\"elementor-element elementor-element-56d695a elementor-widget elementor-widget-heading\" data-id=\"56d695a\" data-element_type=\"widget\" data-e-type=\"widget\" data-widget_type=\"heading.default\">\n\t\t\t\t\t<h4 class=\"elementor-heading-title elementor-size-default\">PETROQU\u00cdMICO<\/h4>\t\t\t\t<\/div>\n\t\t\t\t<\/div>\n\t\t<div class=\"elementor-element elementor-element-8a7fab3 e-con-full e-flex e-con e-child\" data-id=\"8a7fab3\" data-element_type=\"container\" data-e-type=\"container\">\n\t\t\t\t<div class=\"elementor-element elementor-element-674d29e elementor-widget elementor-widget-image\" data-id=\"674d29e\" data-element_type=\"widget\" data-e-type=\"widget\" data-settings=\"{&quot;_animation&quot;:&quot;none&quot;}\" data-widget_type=\"image.default\">\n\t\t\t\t\t\t\t\t\t\t\t\t\t\t\t\t<a href=\"https:\/\/irusa-sa.com\/wp-content\/uploads\/2026\/02\/PETROQUIMICO-4.webp\" data-elementor-open-lightbox=\"yes\" data-elementor-lightbox-title=\"PETROQU\u00cdMICO 4\" data-e-action-hash=\"#elementor-action%3Aaction%3Dlightbox%26settings%3DeyJpZCI6NTc2LCJ1cmwiOiJodHRwczpcL1wvaXJ1c2Etc2EuY29tXC93cC1jb250ZW50XC91cGxvYWRzXC8yMDI2XC8wMlwvUEVUUk9RVUlNSUNPLTQud2VicCJ9\">\n\t\t\t\t\t\t\t<img decoding=\"async\" width=\"932\" height=\"618\" src=\"https:\/\/irusa-sa.com\/wp-content\/uploads\/2026\/02\/PETROQUIMICO-4.webp\" class=\"elementor-animation-bounce-in attachment-large size-large wp-image-576\" alt=\"\" srcset=\"https:\/\/irusa-sa.com\/wp-content\/uploads\/2026\/02\/PETROQUIMICO-4.webp 932w, https:\/\/irusa-sa.com\/wp-content\/uploads\/2026\/02\/PETROQUIMICO-4-300x199.webp 300w, https:\/\/irusa-sa.com\/wp-content\/uploads\/2026\/02\/PETROQUIMICO-4-768x509.webp 768w\" sizes=\"(max-width: 932px) 100vw, 932px\" \/>\t\t\t\t\t\t\t\t<\/a>\n\t\t\t\t\t\t\t\t\t\t\t\t\t\t\t<\/div>\n\t\t\t\t<div class=\"elementor-element elementor-element-f042d83 elementor-widget elementor-widget-heading\" data-id=\"f042d83\" data-element_type=\"widget\" data-e-type=\"widget\" data-widget_type=\"heading.default\">\n\t\t\t\t\t<h4 class=\"elementor-heading-title elementor-size-default\">PETROQU\u00cdMICO<\/h4>\t\t\t\t<\/div>\n\t\t\t\t<\/div>\n\t\t<div class=\"elementor-element elementor-element-c327f08 e-con-full e-flex e-con e-child\" data-id=\"c327f08\" data-element_type=\"container\" data-e-type=\"container\">\n\t\t\t\t<div class=\"elementor-element elementor-element-4ddc78f elementor-widget elementor-widget-image\" data-id=\"4ddc78f\" data-element_type=\"widget\" data-e-type=\"widget\" data-settings=\"{&quot;_animation&quot;:&quot;none&quot;}\" data-widget_type=\"image.default\">\n\t\t\t\t\t\t\t\t\t\t\t\t\t\t\t\t<a href=\"https:\/\/irusa-sa.com\/wp-content\/uploads\/2026\/02\/PETROQUIMICO-5.webp\" data-elementor-open-lightbox=\"yes\" data-elementor-lightbox-title=\"PETROQU\u00cdMICO 5\" data-e-action-hash=\"#elementor-action%3Aaction%3Dlightbox%26settings%3DeyJpZCI6NTc3LCJ1cmwiOiJodHRwczpcL1wvaXJ1c2Etc2EuY29tXC93cC1jb250ZW50XC91cGxvYWRzXC8yMDI2XC8wMlwvUEVUUk9RVUlNSUNPLTUud2VicCJ9\">\n\t\t\t\t\t\t\t<img decoding=\"async\" width=\"932\" height=\"618\" src=\"https:\/\/irusa-sa.com\/wp-content\/uploads\/2026\/02\/PETROQUIMICO-5.webp\" class=\"elementor-animation-bounce-in attachment-large size-large wp-image-577\" alt=\"\" srcset=\"https:\/\/irusa-sa.com\/wp-content\/uploads\/2026\/02\/PETROQUIMICO-5.webp 932w, https:\/\/irusa-sa.com\/wp-content\/uploads\/2026\/02\/PETROQUIMICO-5-300x199.webp 300w, https:\/\/irusa-sa.com\/wp-content\/uploads\/2026\/02\/PETROQUIMICO-5-768x509.webp 768w\" sizes=\"(max-width: 932px) 100vw, 932px\" \/>\t\t\t\t\t\t\t\t<\/a>\n\t\t\t\t\t\t\t\t\t\t\t\t\t\t\t<\/div>\n\t\t\t\t<div class=\"elementor-element elementor-element-dd73b59 elementor-widget elementor-widget-heading\" data-id=\"dd73b59\" data-element_type=\"widget\" data-e-type=\"widget\" data-widget_type=\"heading.default\">\n\t\t\t\t\t<h4 class=\"elementor-heading-title elementor-size-default\">PETROQU\u00cdMICO<\/h4>\t\t\t\t<\/div>\n\t\t\t\t<\/div>\n\t\t\t\t\t<\/div>\n\t\t\t\t<\/div>\n\t\t<div class=\"elementor-element elementor-element-d6464c1 e-flex e-con-boxed e-con e-parent\" data-id=\"d6464c1\" data-element_type=\"container\" data-e-type=\"container\">\n\t\t\t\t\t<div class=\"e-con-inner\">\n\t\t\t\t<div class=\"elementor-element elementor-element-38605ce elementor-widget elementor-widget-spacer\" data-id=\"38605ce\" data-element_type=\"widget\" data-e-type=\"widget\" data-widget_type=\"spacer.default\">\n\t\t\t\t\t\t\t<div class=\"elementor-spacer\">\n\t\t\t<div class=\"elementor-spacer-inner\"><\/div>\n\t\t<\/div>\n\t\t\t\t\t\t<\/div>\n\t\t\t\t\t<\/div>\n\t\t\t\t<\/div>\n\t\t\t\t<\/div>\n\t\t","protected":false},"excerpt":{"rendered":"<p>PETROQU\u00cdMICO PETROQU\u00cdMICO PETROQU\u00cdMICO<\/p>\n","protected":false},"author":1,"featured_media":0,"parent":0,"menu_order":0,"comment_status":"closed","ping_status":"closed","template":"","meta":{"site-sidebar-layout":"no-sidebar","site-content-layout":"","ast-site-content-layout":"full-width-container","site-content-style":"default","site-sidebar-style":"default","ast-global-header-display":"","ast-banner-title-visibility":"","ast-main-header-display":"","ast-hfb-above-header-display":"","ast-hfb-below-header-display":"","ast-hfb-mobile-header-display":"","site-post-title":"disabled","ast-breadcrumbs-content":"","ast-featured-img":"disabled","footer-sml-layout":"","ast-disable-related-posts":"","theme-transparent-header-meta":"","adv-header-id-meta":"","stick-header-meta":"","header-above-stick-meta":"","header-main-stick-meta":"","header-below-stick-meta":"","astra-migrate-meta-layouts":"default","ast-page-background-enabled":"default","ast-page-background-meta":{"desktop":{"background-color":"var(--ast-global-color-5)","background-image":"","background-repeat":"repeat","background-position":"center center","background-size":"auto","background-attachment":"scroll","background-type":"","background-media":"","overlay-type":"","overlay-color":"","overlay-opacity":"","overlay-gradient":""},"tablet":{"background-color":"","background-image":"","background-repeat":"repeat","background-position":"center center","background-size":"auto","background-attachment":"scroll","background-type":"","background-media":"","overlay-type":"","overlay-color":"","overlay-opacity":"","overlay-gradient":""},"mobile":{"background-color":"","background-image":"","background-repeat":"repeat","background-position":"center center","background-size":"auto","background-attachment":"scroll","background-type":"","background-media":"","overlay-type":"","overlay-color":"","overlay-opacity":"","overlay-gradient":""}},"ast-content-background-meta":{"desktop":{"background-color":"var(--ast-global-color-4)","background-image":"","background-repeat":"repeat","background-position":"center center","background-size":"auto","background-attachment":"scroll","background-type":"","background-media":"","overlay-type":"","overlay-color":"","overlay-opacity":"","overlay-gradient":""},"tablet":{"background-color":"var(--ast-global-color-4)","background-image":"","background-repeat":"repeat","background-position":"center center","background-size":"auto","background-attachment":"scroll","background-type":"","background-media":"","overlay-type":"","overlay-color":"","overlay-opacity":"","overlay-gradient":""},"mobile":{"background-color":"var(--ast-global-color-4)","background-image":"","background-repeat":"repeat","background-position":"center center","background-size":"auto","background-attachment":"scroll","background-type":"","background-media":"","overlay-type":"","overlay-color":"","overlay-opacity":"","overlay-gradient":""}},"footnotes":""},"class_list":["post-77","page","type-page","status-publish","hentry"],"yoast_head":"<!-- This site is optimized with the Yoast SEO plugin v27.1.1 - https:\/\/yoast.com\/product\/yoast-seo-wordpress\/ -->\n<title>Petroqu\u00edmico - Praise The Sun<\/title>\n<meta name=\"robots\" content=\"index, follow, max-snippet:-1, max-image-preview:large, max-video-preview:-1\" \/>\n<link rel=\"canonical\" href=\"https:\/\/irusa-sa.com\/?page_id=77\" \/>\n<meta property=\"og:locale\" content=\"es_ES\" \/>\n<meta property=\"og:type\" content=\"article\" \/>\n<meta property=\"og:title\" content=\"Petroqu\u00edmico - Praise The Sun\" \/>\n<meta property=\"og:description\" content=\"PETROQU\u00cdMICO PETROQU\u00cdMICO PETROQU\u00cdMICO\" \/>\n<meta property=\"og:url\" content=\"https:\/\/irusa-sa.com\/?page_id=77\" \/>\n<meta property=\"og:site_name\" content=\"Praise The Sun\" \/>\n<meta property=\"article:modified_time\" content=\"2026-03-09T02:59:39+00:00\" \/>\n<meta property=\"og:image\" content=\"https:\/\/irusa-sa.com\/wp-content\/uploads\/2026\/02\/PETROQUIMICO-3.webp\" \/>\n<meta name=\"twitter:card\" content=\"summary_large_image\" \/>\n<script type=\"application\/ld+json\" class=\"yoast-schema-graph\">{\"@context\":\"https:\/\/schema.org\",\"@graph\":[{\"@type\":\"WebPage\",\"@id\":\"https:\/\/irusa-sa.com\/?page_id=77\",\"url\":\"https:\/\/irusa-sa.com\/?page_id=77\",\"name\":\"Petroqu\u00edmico - Praise The Sun\",\"isPartOf\":{\"@id\":\"https:\/\/irusa-sa.com\/#website\"},\"primaryImageOfPage\":{\"@id\":\"https:\/\/irusa-sa.com\/?page_id=77#primaryimage\"},\"image\":{\"@id\":\"https:\/\/irusa-sa.com\/?page_id=77#primaryimage\"},\"thumbnailUrl\":\"https:\/\/irusa-sa.com\/wp-content\/uploads\/2026\/02\/PETROQUIMICO-3.webp\",\"datePublished\":\"2026-02-24T20:18:43+00:00\",\"dateModified\":\"2026-03-09T02:59:39+00:00\",\"breadcrumb\":{\"@id\":\"https:\/\/irusa-sa.com\/?page_id=77#breadcrumb\"},\"inLanguage\":\"es\",\"potentialAction\":[{\"@type\":\"ReadAction\",\"target\":[\"https:\/\/irusa-sa.com\/?page_id=77\"]}]},{\"@type\":\"ImageObject\",\"inLanguage\":\"es\",\"@id\":\"https:\/\/irusa-sa.com\/?page_id=77#primaryimage\",\"url\":\"https:\/\/irusa-sa.com\/wp-content\/uploads\/2026\/02\/PETROQUIMICO-3.webp\",\"contentUrl\":\"https:\/\/irusa-sa.com\/wp-content\/uploads\/2026\/02\/PETROQUIMICO-3.webp\"},{\"@type\":\"BreadcrumbList\",\"@id\":\"https:\/\/irusa-sa.com\/?page_id=77#breadcrumb\",\"itemListElement\":[{\"@type\":\"ListItem\",\"position\":1,\"name\":\"Portada\",\"item\":\"https:\/\/irusa-sa.com\/\"},{\"@type\":\"ListItem\",\"position\":2,\"name\":\"Petroqu\u00edmico\"}]},{\"@type\":\"WebSite\",\"@id\":\"https:\/\/irusa-sa.com\/#website\",\"url\":\"https:\/\/irusa-sa.com\/\",\"name\":\"Praise The Sun\",\"description\":\"Fabricaci\u00f3n de productos para calderer\u00eda media-pesada bajo plano (dep\u00f3sitos, estructuras...)\",\"publisher\":{\"@id\":\"https:\/\/irusa-sa.com\/#organization\"},\"potentialAction\":[{\"@type\":\"SearchAction\",\"target\":{\"@type\":\"EntryPoint\",\"urlTemplate\":\"https:\/\/irusa-sa.com\/?s={search_term_string}\"},\"query-input\":{\"@type\":\"PropertyValueSpecification\",\"valueRequired\":true,\"valueName\":\"search_term_string\"}}],\"inLanguage\":\"es\"},{\"@type\":\"Organization\",\"@id\":\"https:\/\/irusa-sa.com\/#organization\",\"name\":\"Praise The Sun\",\"url\":\"https:\/\/irusa-sa.com\/\",\"logo\":{\"@type\":\"ImageObject\",\"inLanguage\":\"es\",\"@id\":\"https:\/\/irusa-sa.com\/#\/schema\/logo\/image\/\",\"url\":\"https:\/\/irusa-sa.com\/wp-content\/uploads\/2026\/02\/cropped-irusa_logo-NOU-PNG.webp\",\"contentUrl\":\"https:\/\/irusa-sa.com\/wp-content\/uploads\/2026\/02\/cropped-irusa_logo-NOU-PNG.webp\",\"width\":500,\"height\":86,\"caption\":\"Praise The Sun\"},\"image\":{\"@id\":\"https:\/\/irusa-sa.com\/#\/schema\/logo\/image\/\"}}]}<\/script>\n<!-- \/ Yoast SEO plugin. -->","yoast_head_json":{"title":"Petroqu\u00edmico - Praise The Sun","robots":{"index":"index","follow":"follow","max-snippet":"max-snippet:-1","max-image-preview":"max-image-preview:large","max-video-preview":"max-video-preview:-1"},"canonical":"https:\/\/irusa-sa.com\/?page_id=77","og_locale":"es_ES","og_type":"article","og_title":"Petroqu\u00edmico - Praise The Sun","og_description":"PETROQU\u00cdMICO PETROQU\u00cdMICO PETROQU\u00cdMICO","og_url":"https:\/\/irusa-sa.com\/?page_id=77","og_site_name":"Praise The Sun","article_modified_time":"2026-03-09T02:59:39+00:00","og_image":[{"url":"https:\/\/irusa-sa.com\/wp-content\/uploads\/2026\/02\/PETROQUIMICO-3.webp","type":"","width":"","height":""}],"twitter_card":"summary_large_image","schema":{"@context":"https:\/\/schema.org","@graph":[{"@type":"WebPage","@id":"https:\/\/irusa-sa.com\/?page_id=77","url":"https:\/\/irusa-sa.com\/?page_id=77","name":"Petroqu\u00edmico - Praise The Sun","isPartOf":{"@id":"https:\/\/irusa-sa.com\/#website"},"primaryImageOfPage":{"@id":"https:\/\/irusa-sa.com\/?page_id=77#primaryimage"},"image":{"@id":"https:\/\/irusa-sa.com\/?page_id=77#primaryimage"},"thumbnailUrl":"https:\/\/irusa-sa.com\/wp-content\/uploads\/2026\/02\/PETROQUIMICO-3.webp","datePublished":"2026-02-24T20:18:43+00:00","dateModified":"2026-03-09T02:59:39+00:00","breadcrumb":{"@id":"https:\/\/irusa-sa.com\/?page_id=77#breadcrumb"},"inLanguage":"es","potentialAction":[{"@type":"ReadAction","target":["https:\/\/irusa-sa.com\/?page_id=77"]}]},{"@type":"ImageObject","inLanguage":"es","@id":"https:\/\/irusa-sa.com\/?page_id=77#primaryimage","url":"https:\/\/irusa-sa.com\/wp-content\/uploads\/2026\/02\/PETROQUIMICO-3.webp","contentUrl":"https:\/\/irusa-sa.com\/wp-content\/uploads\/2026\/02\/PETROQUIMICO-3.webp"},{"@type":"BreadcrumbList","@id":"https:\/\/irusa-sa.com\/?page_id=77#breadcrumb","itemListElement":[{"@type":"ListItem","position":1,"name":"Portada","item":"https:\/\/irusa-sa.com\/"},{"@type":"ListItem","position":2,"name":"Petroqu\u00edmico"}]},{"@type":"WebSite","@id":"https:\/\/irusa-sa.com\/#website","url":"https:\/\/irusa-sa.com\/","name":"Praise The Sun","description":"Fabricaci\u00f3n de productos para calderer\u00eda media-pesada bajo plano (dep\u00f3sitos, estructuras...)","publisher":{"@id":"https:\/\/irusa-sa.com\/#organization"},"potentialAction":[{"@type":"SearchAction","target":{"@type":"EntryPoint","urlTemplate":"https:\/\/irusa-sa.com\/?s={search_term_string}"},"query-input":{"@type":"PropertyValueSpecification","valueRequired":true,"valueName":"search_term_string"}}],"inLanguage":"es"},{"@type":"Organization","@id":"https:\/\/irusa-sa.com\/#organization","name":"Praise The Sun","url":"https:\/\/irusa-sa.com\/","logo":{"@type":"ImageObject","inLanguage":"es","@id":"https:\/\/irusa-sa.com\/#\/schema\/logo\/image\/","url":"https:\/\/irusa-sa.com\/wp-content\/uploads\/2026\/02\/cropped-irusa_logo-NOU-PNG.webp","contentUrl":"https:\/\/irusa-sa.com\/wp-content\/uploads\/2026\/02\/cropped-irusa_logo-NOU-PNG.webp","width":500,"height":86,"caption":"Praise The Sun"},"image":{"@id":"https:\/\/irusa-sa.com\/#\/schema\/logo\/image\/"}}]}},"_links":{"self":[{"href":"https:\/\/irusa-sa.com\/index.php?rest_route=\/wp\/v2\/pages\/77","targetHints":{"allow":["GET"]}}],"collection":[{"href":"https:\/\/irusa-sa.com\/index.php?rest_route=\/wp\/v2\/pages"}],"about":[{"href":"https:\/\/irusa-sa.com\/index.php?rest_route=\/wp\/v2\/types\/page"}],"author":[{"embeddable":true,"href":"https:\/\/irusa-sa.com\/index.php?rest_route=\/wp\/v2\/users\/1"}],"replies":[{"embeddable":true,"href":"https:\/\/irusa-sa.com\/index.php?rest_route=%2Fwp%2Fv2%2Fcomments&post=77"}],"version-history":[{"count":0,"href":"https:\/\/irusa-sa.com\/index.php?rest_route=\/wp\/v2\/pages\/77\/revisions"}],"wp:attachment":[{"href":"https:\/\/irusa-sa.com\/index.php?rest_route=%2Fwp%2Fv2%2Fmedia&parent=77"}],"curies":[{"name":"wp","href":"https:\/\/api.w.org\/{rel}","templated":true}]}}